{"id":37,"date":"2025-01-30T16:20:52","date_gmt":"2025-01-30T16:20:52","guid":{"rendered":"https:\/\/racebottlegt.com\/contact\/"},"modified":"2025-05-07T04:07:26","modified_gmt":"2025-05-07T04:07:26","slug":"contact","status":"publish","type":"page","link":"https:\/\/racebottlegt.com\/pt\/contact\/","title":{"rendered":"Contato"},"content":{"rendered":"<div data-elementor-type=\"wp-page\" data-elementor-id=\"37\" class=\"elementor elementor-37\">\n\t\t\t\t<div class=\"elementor-element elementor-element-f553a94 e-flex e-con-boxed e-con e-parent\" data-id=\"f553a94\" data-element_type=\"container\" data-e-type=\"container\" data-settings=\"{&quot;background_background&quot;:&quot;classic&quot;}\">\n\t\t\t\t\t<div class=\"e-con-inner\">\n\t\t<div class=\"elementor-element elementor-element-59a5e93 e-con-full e-flex e-con e-child\" data-id=\"59a5e93\" data-element_type=\"container\" data-e-type=\"container\">\n\t\t\t\t<div class=\"elementor-element elementor-element-51a52ff elementor-widget elementor-widget-heading\" data-id=\"51a52ff\" data-element_type=\"widget\" data-e-type=\"widget\" data-widget_type=\"heading.default\">\n\t\t\t\t<div class=\"elementor-widget-container\">\n\t\t\t\t\t<h6 class=\"elementor-heading-title elementor-size-default\">Entre em contato<\/h6>\t\t\t\t<\/div>\n\t\t\t\t<\/div>\n\t\t\t\t<\/div>\n\t\t\t\t\t<\/div>\n\t\t\t\t<\/div>\n\t\t<div class=\"elementor-element elementor-element-77111d4 e-flex e-con-boxed e-con e-parent\" data-id=\"77111d4\" data-element_type=\"container\" data-e-type=\"container\" data-settings=\"{&quot;background_background&quot;:&quot;gradient&quot;}\">\n\t\t\t\t\t<div class=\"e-con-inner\">\n\t\t<div class=\"elementor-element elementor-element-1f3bd48 e-con-full e-flex e-con e-child\" data-id=\"1f3bd48\" data-element_type=\"container\" data-e-type=\"container\" data-settings=\"{&quot;background_background&quot;:&quot;classic&quot;}\">\n\t\t\t\t<div class=\"elementor-element elementor-element-0a86dcc elementor-widget elementor-widget-heading\" data-id=\"0a86dcc\" data-element_type=\"widget\" data-e-type=\"widget\" data-widget_type=\"heading.default\">\n\t\t\t\t<div class=\"elementor-widget-container\">\n\t\t\t\t\t<h2 class=\"elementor-heading-title elementor-size-default\">Entre em contato conosco<\/h2>\t\t\t\t<\/div>\n\t\t\t\t<\/div>\n\t\t\t\t<div class=\"elementor-element elementor-element-cdaaf1b elementor-widget elementor-widget-text-editor\" data-id=\"cdaaf1b\" data-element_type=\"widget\" data-e-type=\"widget\" data-widget_type=\"text-editor.default\">\n\t\t\t\t<div class=\"elementor-widget-container\">\n\t\t\t\t\t\t\t\t\t<p>Tem d\u00favidas ou solicita\u00e7\u00f5es especiais? Estamos aqui para ajudar! Entre em contato conosco e entraremos em contato com voc\u00ea em breve<\/p>\t\t\t\t\t\t\t\t<\/div>\n\t\t\t\t<\/div>\n\t\t\t\t<div class=\"elementor-element elementor-element-a9b2f6d elementor-mobile-align-start elementor-icon-list--layout-traditional elementor-list-item-link-full_width elementor-widget elementor-widget-icon-list\" data-id=\"a9b2f6d\" data-element_type=\"widget\" data-e-type=\"widget\" data-widget_type=\"icon-list.default\">\n\t\t\t\t<div class=\"elementor-widget-container\">\n\t\t\t\t\t\t\t<ul class=\"elementor-icon-list-items\">\n\t\t\t\t\t\t\t<li class=\"elementor-icon-list-item\">\n\t\t\t\t\t\t\t\t\t\t\t<a href=\"#\">\n\n\t\t\t\t\t\t\t\t\t\t\t\t<span class=\"elementor-icon-list-icon\">\n\t\t\t\t\t\t\t<svg aria-hidden=\"true\" class=\"e-font-icon-svg e-fas-envelope\" viewbox=\"0 0 512 512\" xmlns=\"http:\/\/www.w3.org\/2000\/svg\"><path d=\"M502.3 190.8c3.9-3.1 9.7-.2 9.7 4.7V400c0 26.5-21.5 48-48 48H48c-26.5 0-48-21.5-48-48V195.6c0-5 5.7-7.8 9.7-4.7 22.4 17.4 52.1 39.5 154.1 113.6 21.1 15.4 56.7 47.8 92.2 47.6 35.7.3 72-32.8 92.3-47.6 102-74.1 131.6-96.3 154-113.7zM256 320c23.2.4 56.6-29.2 73.4-41.4 132.7-96.3 142.8-104.7 173.4-128.7 5.8-4.5 9.2-11.5 9.2-18.9v-19c0-26.5-21.5-48-48-48H48C21.5 64 0 85.5 0 112v19c0 7.4 3.4 14.3 9.2 18.9 30.6 23.9 40.7 32.4 173.4 128.7 16.8 12.2 50.2 41.8 73.4 41.4z\"><\/path><\/svg>\t\t\t\t\t\t<\/span>\n\t\t\t\t\t\t\t\t\t\t<span class=\"elementor-icon-list-text\">info@racebottlegt.com<\/span>\n\t\t\t\t\t\t\t\t\t\t\t<\/a>\n\t\t\t\t\t\t\t\t\t<\/li>\n\t\t\t\t\t\t<\/ul>\n\t\t\t\t\t\t<\/div>\n\t\t\t\t<\/div>\n\t\t\t\t<\/div>\n\t\t<div class=\"elementor-element elementor-element-75d1801 e-con-full e-flex e-con e-child\" data-id=\"75d1801\" data-element_type=\"container\" data-e-type=\"container\" data-settings=\"{&quot;background_background&quot;:&quot;gradient&quot;}\">\n\t\t\t\t<\/div>\n\t\t\t\t\t<\/div>\n\t\t\t\t<\/div>\n\t\t\t\t<\/div>","protected":false},"excerpt":{"rendered":"<p>Get in touch Contact Us Have questions or special requests? We&#8217;re here to help! Reach out to us, and we&#8217;ll get back to you soon info@racebottlegt.com Please enable JavaScript in your browser to complete this form.Name *FirstLastEmail *Message * Send<\/p>","protected":false},"author":1,"featured_media":0,"parent":0,"menu_order":0,"comment_status":"closed","ping_status":"closed","template":"","meta":{"nf_dc_page":"","_monsterinsights_skip_tracking":false,"_monsterinsights_sitenote_active":false,"_monsterinsights_sitenote_note":"","_monsterinsights_sitenote_category":0,"site-sidebar-layout":"no-sidebar","site-content-layout":"page-builder","ast-site-content-layout":"default","site-content-style":"default","site-sidebar-style":"default","ast-global-header-display":"","ast-banner-title-visibility":"","ast-main-header-display":"","ast-hfb-above-header-display":"","ast-hfb-below-header-display":"","ast-hfb-mobile-header-display":"","site-post-title":"disabled","ast-breadcrumbs-content":"","ast-featured-img":"disabled","footer-sml-layout":"","ast-disable-related-posts":"","theme-transparent-header-meta":"enabled","adv-header-id-meta":"","stick-header-meta":"","header-above-stick-meta":"","header-main-stick-meta":"","header-below-stick-meta":"","astra-migrate-meta-layouts":"default","ast-page-background-enabled":"default","ast-page-background-meta":{"desktop":{"background-color":"var(--ast-global-color-4)","background-image":"","background-repeat":"repeat","background-position":"center center","background-size":"auto","background-attachment":"scroll","background-type":"","background-media":"","overlay-type":"","overlay-color":"","overlay-opacity":"","overlay-gradient":""},"tablet":{"background-color":"","background-image":"","background-repeat":"repeat","background-position":"center center","background-size":"auto","background-attachment":"scroll","background-type":"","background-media":"","overlay-type":"","overlay-color":"","overlay-opacity":"","overlay-gradient":""},"mobile":{"background-color":"","background-image":"","background-repeat":"repeat","background-position":"center center","background-size":"auto","background-attachment":"scroll","background-type":"","background-media":"","overlay-type":"","overlay-color":"","overlay-opacity":"","overlay-gradient":""}},"ast-content-background-meta":{"desktop":{"background-color":"var(--ast-global-color-5)","background-image":"","background-repeat":"repeat","background-position":"center center","background-size":"auto","background-attachment":"scroll","background-type":"","background-media":"","overlay-type":"","overlay-color":"","overlay-opacity":"","overlay-gradient":""},"tablet":{"background-color":"var(--ast-global-color-5)","background-image":"","background-repeat":"repeat","background-position":"center center","background-size":"auto","background-attachment":"scroll","background-type":"","background-media":"","overlay-type":"","overlay-color":"","overlay-opacity":"","overlay-gradient":""},"mobile":{"background-color":"var(--ast-global-color-5)","background-image":"","background-repeat":"repeat","background-position":"center center","background-size":"auto","background-attachment":"scroll","background-type":"","background-media":"","overlay-type":"","overlay-color":"","overlay-opacity":"","overlay-gradient":""}},"footnotes":""},"class_list":["post-37","page","type-page","status-publish","hentry"],"yoast_head":"<!-- This site is optimized with the Yoast SEO plugin v27.3 - https:\/\/yoast.com\/product\/yoast-seo-wordpress\/ -->\n<title>Contact - Race Bottle<\/title>\n<meta name=\"robots\" content=\"index, follow, max-snippet:-1, max-image-preview:large, max-video-preview:-1\" \/>\n<link rel=\"canonical\" href=\"https:\/\/racebottlegt.com\/pt\/contact\/\" \/>\n<meta property=\"og:locale\" content=\"pt_BR\" \/>\n<meta property=\"og:type\" content=\"article\" \/>\n<meta property=\"og:title\" content=\"Contact - Race Bottle\" \/>\n<meta property=\"og:description\" content=\"Get in touch Contact Us Have questions or special requests? We&#8217;re here to help! Reach out to us, and we&#8217;ll get back to you soon info@racebottlegt.com Please enable JavaScript in your browser to complete this form.Name *FirstLastEmail *Message * Send\" \/>\n<meta property=\"og:url\" content=\"https:\/\/racebottlegt.com\/pt\/contact\/\" \/>\n<meta property=\"og:site_name\" content=\"Race Bottle\" \/>\n<meta property=\"article:modified_time\" content=\"2025-05-07T04:07:26+00:00\" \/>\n<meta property=\"og:image\" content=\"https:\/\/racebottlegt.com\/wp-content\/plugins\/wpforms-lite\/assets\/images\/submit-spin.svg\" \/>\n<meta name=\"twitter:card\" content=\"summary_large_image\" \/>\n<meta name=\"twitter:label1\" content=\"Est. tempo de leitura\" \/>\n\t<meta name=\"twitter:data1\" content=\"1 minuto\" \/>\n<script type=\"application\/ld+json\" class=\"yoast-schema-graph\">{\"@context\":\"https:\\\/\\\/schema.org\",\"@graph\":[{\"@type\":\"WebPage\",\"@id\":\"https:\\\/\\\/racebottlegt.com\\\/contact\\\/\",\"url\":\"https:\\\/\\\/racebottlegt.com\\\/contact\\\/\",\"name\":\"Contact - Race Bottle\",\"isPartOf\":{\"@id\":\"https:\\\/\\\/racebottlegt.com\\\/#website\"},\"primaryImageOfPage\":{\"@id\":\"https:\\\/\\\/racebottlegt.com\\\/contact\\\/#primaryimage\"},\"image\":{\"@id\":\"https:\\\/\\\/racebottlegt.com\\\/contact\\\/#primaryimage\"},\"thumbnailUrl\":\"https:\\\/\\\/racebottlegt.com\\\/wp-content\\\/plugins\\\/wpforms-lite\\\/assets\\\/images\\\/submit-spin.svg\",\"datePublished\":\"2025-01-30T16:20:52+00:00\",\"dateModified\":\"2025-05-07T04:07:26+00:00\",\"breadcrumb\":{\"@id\":\"https:\\\/\\\/racebottlegt.com\\\/contact\\\/#breadcrumb\"},\"inLanguage\":\"pt-BR\",\"potentialAction\":[{\"@type\":\"ReadAction\",\"target\":[\"https:\\\/\\\/racebottlegt.com\\\/contact\\\/\"]}]},{\"@type\":\"ImageObject\",\"inLanguage\":\"pt-BR\",\"@id\":\"https:\\\/\\\/racebottlegt.com\\\/contact\\\/#primaryimage\",\"url\":\"https:\\\/\\\/racebottlegt.com\\\/wp-content\\\/plugins\\\/wpforms-lite\\\/assets\\\/images\\\/submit-spin.svg\",\"contentUrl\":\"https:\\\/\\\/racebottlegt.com\\\/wp-content\\\/plugins\\\/wpforms-lite\\\/assets\\\/images\\\/submit-spin.svg\"},{\"@type\":\"BreadcrumbList\",\"@id\":\"https:\\\/\\\/racebottlegt.com\\\/contact\\\/#breadcrumb\",\"itemListElement\":[{\"@type\":\"ListItem\",\"position\":1,\"name\":\"Home\",\"item\":\"https:\\\/\\\/racebottlegt.com\\\/\"},{\"@type\":\"ListItem\",\"position\":2,\"name\":\"Contact\"}]},{\"@type\":\"WebSite\",\"@id\":\"https:\\\/\\\/racebottlegt.com\\\/#website\",\"url\":\"https:\\\/\\\/racebottlegt.com\\\/\",\"name\":\"Race Bottle\",\"description\":\"High performance bottles for high performance athletes\",\"publisher\":{\"@id\":\"https:\\\/\\\/racebottlegt.com\\\/#organization\"},\"potentialAction\":[{\"@type\":\"SearchAction\",\"target\":{\"@type\":\"EntryPoint\",\"urlTemplate\":\"https:\\\/\\\/racebottlegt.com\\\/?s={search_term_string}\"},\"query-input\":{\"@type\":\"PropertyValueSpecification\",\"valueRequired\":true,\"valueName\":\"search_term_string\"}}],\"inLanguage\":\"pt-BR\"},{\"@type\":\"Organization\",\"@id\":\"https:\\\/\\\/racebottlegt.com\\\/#organization\",\"name\":\"Race Bottle\",\"url\":\"https:\\\/\\\/racebottlegt.com\\\/\",\"logo\":{\"@type\":\"ImageObject\",\"inLanguage\":\"pt-BR\",\"@id\":\"https:\\\/\\\/racebottlegt.com\\\/#\\\/schema\\\/logo\\\/image\\\/\",\"url\":\"https:\\\/\\\/i0.wp.com\\\/racebottlegt.com\\\/wp-content\\\/uploads\\\/2025\\\/04\\\/cropped-Race-4.png?fit=500%2C312&ssl=1\",\"contentUrl\":\"https:\\\/\\\/i0.wp.com\\\/racebottlegt.com\\\/wp-content\\\/uploads\\\/2025\\\/04\\\/cropped-Race-4.png?fit=500%2C312&ssl=1\",\"width\":500,\"height\":312,\"caption\":\"Race Bottle\"},\"image\":{\"@id\":\"https:\\\/\\\/racebottlegt.com\\\/#\\\/schema\\\/logo\\\/image\\\/\"}}]}<\/script>\n<!-- \/ Yoast SEO plugin. -->","yoast_head_json":{"title":"Contact - Race Bottle","robots":{"index":"index","follow":"follow","max-snippet":"max-snippet:-1","max-image-preview":"max-image-preview:large","max-video-preview":"max-video-preview:-1"},"canonical":"https:\/\/racebottlegt.com\/pt\/contact\/","og_locale":"pt_BR","og_type":"article","og_title":"Contact - Race Bottle","og_description":"Get in touch Contact Us Have questions or special requests? We&#8217;re here to help! Reach out to us, and we&#8217;ll get back to you soon info@racebottlegt.com Please enable JavaScript in your browser to complete this form.Name *FirstLastEmail *Message * Send","og_url":"https:\/\/racebottlegt.com\/pt\/contact\/","og_site_name":"Race Bottle","article_modified_time":"2025-05-07T04:07:26+00:00","og_image":[{"url":"https:\/\/racebottlegt.com\/wp-content\/plugins\/wpforms-lite\/assets\/images\/submit-spin.svg","type":"","width":"","height":""}],"twitter_card":"summary_large_image","twitter_misc":{"Est. tempo de leitura":"1 minuto"},"schema":{"@context":"https:\/\/schema.org","@graph":[{"@type":"WebPage","@id":"https:\/\/racebottlegt.com\/contact\/","url":"https:\/\/racebottlegt.com\/contact\/","name":"Contact - Race Bottle","isPartOf":{"@id":"https:\/\/racebottlegt.com\/#website"},"primaryImageOfPage":{"@id":"https:\/\/racebottlegt.com\/contact\/#primaryimage"},"image":{"@id":"https:\/\/racebottlegt.com\/contact\/#primaryimage"},"thumbnailUrl":"https:\/\/racebottlegt.com\/wp-content\/plugins\/wpforms-lite\/assets\/images\/submit-spin.svg","datePublished":"2025-01-30T16:20:52+00:00","dateModified":"2025-05-07T04:07:26+00:00","breadcrumb":{"@id":"https:\/\/racebottlegt.com\/contact\/#breadcrumb"},"inLanguage":"pt-BR","potentialAction":[{"@type":"ReadAction","target":["https:\/\/racebottlegt.com\/contact\/"]}]},{"@type":"ImageObject","inLanguage":"pt-BR","@id":"https:\/\/racebottlegt.com\/contact\/#primaryimage","url":"https:\/\/racebottlegt.com\/wp-content\/plugins\/wpforms-lite\/assets\/images\/submit-spin.svg","contentUrl":"https:\/\/racebottlegt.com\/wp-content\/plugins\/wpforms-lite\/assets\/images\/submit-spin.svg"},{"@type":"BreadcrumbList","@id":"https:\/\/racebottlegt.com\/contact\/#breadcrumb","itemListElement":[{"@type":"ListItem","position":1,"name":"Home","item":"https:\/\/racebottlegt.com\/"},{"@type":"ListItem","position":2,"name":"Contact"}]},{"@type":"WebSite","@id":"https:\/\/racebottlegt.com\/#website","url":"https:\/\/racebottlegt.com\/","name":"Garrafa de corrida","description":"Garrafas de alto desempenho para atletas de alto desempenho","publisher":{"@id":"https:\/\/racebottlegt.com\/#organization"},"potentialAction":[{"@type":"SearchAction","target":{"@type":"EntryPoint","urlTemplate":"https:\/\/racebottlegt.com\/?s={search_term_string}"},"query-input":{"@type":"PropertyValueSpecification","valueRequired":true,"valueName":"search_term_string"}}],"inLanguage":"pt-BR"},{"@type":"Organization","@id":"https:\/\/racebottlegt.com\/#organization","name":"Garrafa de corrida","url":"https:\/\/racebottlegt.com\/","logo":{"@type":"ImageObject","inLanguage":"pt-BR","@id":"https:\/\/racebottlegt.com\/#\/schema\/logo\/image\/","url":"https:\/\/i0.wp.com\/racebottlegt.com\/wp-content\/uploads\/2025\/04\/cropped-Race-4.png?fit=500%2C312&ssl=1","contentUrl":"https:\/\/i0.wp.com\/racebottlegt.com\/wp-content\/uploads\/2025\/04\/cropped-Race-4.png?fit=500%2C312&ssl=1","width":500,"height":312,"caption":"Race Bottle"},"image":{"@id":"https:\/\/racebottlegt.com\/#\/schema\/logo\/image\/"}}]}},"jetpack_sharing_enabled":true,"_links":{"self":[{"href":"https:\/\/racebottlegt.com\/pt\/wp-json\/wp\/v2\/pages\/37","targetHints":{"allow":["GET"]}}],"collection":[{"href":"https:\/\/racebottlegt.com\/pt\/wp-json\/wp\/v2\/pages"}],"about":[{"href":"https:\/\/racebottlegt.com\/pt\/wp-json\/wp\/v2\/types\/page"}],"author":[{"embeddable":true,"href":"https:\/\/racebottlegt.com\/pt\/wp-json\/wp\/v2\/users\/1"}],"replies":[{"embeddable":true,"href":"https:\/\/racebottlegt.com\/pt\/wp-json\/wp\/v2\/comments?post=37"}],"version-history":[{"count":20,"href":"https:\/\/racebottlegt.com\/pt\/wp-json\/wp\/v2\/pages\/37\/revisions"}],"predecessor-version":[{"id":2562,"href":"https:\/\/racebottlegt.com\/pt\/wp-json\/wp\/v2\/pages\/37\/revisions\/2562"}],"wp:attachment":[{"href":"https:\/\/racebottlegt.com\/pt\/wp-json\/wp\/v2\/media?parent=37"}],"curies":[{"name":"wp","href":"https:\/\/api.w.org\/{rel}","templated":true}]}}