{"id":2594,"date":"2025-05-31T02:07:24","date_gmt":"2025-05-31T02:07:24","guid":{"rendered":"https:\/\/racebottlegt.com\/?page_id=2594"},"modified":"2025-07-31T07:23:06","modified_gmt":"2025-07-31T07:23:06","slug":"shipping-details","status":"publish","type":"page","link":"https:\/\/racebottlegt.com\/pt\/shipping-details\/","title":{"rendered":"Shipping Details"},"content":{"rendered":"<div data-elementor-type=\"wp-page\" data-elementor-id=\"2594\" class=\"elementor elementor-2594\">\n\t\t\t\t<div class=\"elementor-element elementor-element-dee624b e-flex e-con-boxed e-con e-parent\" data-id=\"dee624b\" data-element_type=\"container\" data-e-type=\"container\">\n\t\t\t\t\t<div class=\"e-con-inner\">\n\t\t\t\t<div class=\"elementor-element elementor-element-c10afce elementor-widget elementor-widget-heading\" data-id=\"c10afce\" data-element_type=\"widget\" data-e-type=\"widget\" data-widget_type=\"heading.default\">\n\t\t\t\t<div class=\"elementor-widget-container\">\n\t\t\t\t\t<h1 class=\"elementor-heading-title elementor-size-default\">Envio e entrega\n<\/h1>\t\t\t\t<\/div>\n\t\t\t\t<\/div>\n\t\t\t\t\t<\/div>\n\t\t\t\t<\/div>\n\t\t<div class=\"elementor-element elementor-element-3e2da5b e-flex e-con-boxed e-con e-parent\" data-id=\"3e2da5b\" data-element_type=\"container\" data-e-type=\"container\">\n\t\t\t\t\t<div class=\"e-con-inner\">\n\t\t\t\t<div class=\"elementor-element elementor-element-53eaa5e elementor-widget elementor-widget-text-editor\" data-id=\"53eaa5e\" data-element_type=\"widget\" data-e-type=\"widget\" data-widget_type=\"text-editor.default\">\n\t\t\t\t<div class=\"elementor-widget-container\">\n\t\t\t\t\t\t\t\t\t<h4>\u00a0<\/h4><h4><strong>Quais s\u00e3o os detalhes da oferta de frete gr\u00e1tis?<\/strong><\/h4><p>Nossa oferta de frete gr\u00e1tis inclui apenas o frete padr\u00e3o (3 a 8 dias) e \u00e9 v\u00e1lida para todos os pedidos acima de $75 para a Europa e Am\u00e9rica do Norte, Central e do Sul. O valor m\u00ednimo de compra exclui compras de cart\u00f5es-presente eletr\u00f4nicos, cupons ou outro desconto<\/p><h4><strong>Receberei uma notifica\u00e7\u00e3o quando meu pedido for enviado?<\/strong><\/h4><p data-v-60453898=\"\"><span data-v-60453898=\"\">Sim, voc\u00ea receber\u00e1 um e-mail autom\u00e1tico de confirma\u00e7\u00e3o de envio que inclui detalhes de rastreamento assim que o pacote sair do nosso dep\u00f3sito, geralmente dentro de 1 a 3 dias \u00fateis a partir da data em que voc\u00ea fez o pedido.<\/span><\/p><h4><strong>Como meu pedido \u00e9 processado e quais s\u00e3o os custos de envio?<\/strong><\/h4><p data-v-60453898=\"\"><span data-v-60453898=\"\">Todos os nossos pedidos s\u00e3o atendidos em nosso dep\u00f3sito na Guatemala e oferecemos tarifas r\u00e1pidas. Todos os pacotes s\u00e3o enviados via FedEx e s\u00e3o atendidos de segunda a sexta-feira durante o hor\u00e1rio comercial normal (das 9h \u00e0s 17h CST). Os pedidos feitos ap\u00f3s as 14h CST ser\u00e3o atendidos no pr\u00f3ximo dia \u00fatil.<\/span><\/p><p>Estados Unidos, Canad\u00e1, M\u00e9xico, Am\u00e9rica Central e Am\u00e9rica do Sul: $6.76<br \/>(gratuito com um valor de pedido acima de $45)<\/p><p>Europa: $18.80<br \/>(gratuito com um valor de pedido acima de $90)<\/p><p>Resto do mundo: $26.96<br \/>(gratuito com um valor de pedido acima de $100)<\/p><p>Observe que alguns pa\u00edses n\u00e3o s\u00e3o poss\u00edveis no momento. Estamos trabalhando em uma solu\u00e7\u00e3o para esse problema. Voc\u00ea pode verificar se o seu pa\u00eds \u00e9 eleg\u00edvel na lista no carrinho de compras!<\/p><p data-v-60453898=\"\">\u00a0<\/p>\t\t\t\t\t\t\t\t<\/div>\n\t\t\t\t<\/div>\n\t\t\t\t\t<\/div>\n\t\t\t\t<\/div>\n\t\t<div class=\"elementor-element elementor-element-aca0ae3 e-flex e-con-boxed e-con e-parent\" data-id=\"aca0ae3\" data-element_type=\"container\" data-e-type=\"container\">\n\t\t\t\t\t<div class=\"e-con-inner\">\n\t\t\t\t\t<\/div>\n\t\t\t\t<\/div>\n\t\t\t\t<\/div>","protected":false},"excerpt":{"rendered":"<p>Shipping &amp; Delivery \u00a0 What are the details of the free shipping offer? Our free shipping offer includes standard shipping only (3 &#8211; 8 days) and is valid on all orders over $75 for Europe and North, Central and South America. Minimum purchase amount excludes purchases of eGift Cards, Coupons or another discount Will I [&hellip;]<\/p>\n","protected":false},"author":2,"featured_media":0,"parent":0,"menu_order":0,"comment_status":"closed","ping_status":"closed","template":"","meta":{"nf_dc_page":"","_monsterinsights_skip_tracking":false,"_monsterinsights_sitenote_active":false,"_monsterinsights_sitenote_note":"","_monsterinsights_sitenote_category":0,"site-sidebar-layout":"no-sidebar","site-content-layout":"page-builder","ast-site-content-layout":"full-width-container","site-content-style":"default","site-sidebar-style":"default","ast-global-header-display":"","ast-banner-title-visibility":"","ast-main-header-display":"","ast-hfb-above-header-display":"","ast-hfb-below-header-display":"","ast-hfb-mobile-header-display":"","site-post-title":"disabled","ast-breadcrumbs-content":"","ast-featured-img":"disabled","footer-sml-layout":"","ast-disable-related-posts":"","theme-transparent-header-meta":"","adv-header-id-meta":"","stick-header-meta":"","header-above-stick-meta":"","header-main-stick-meta":"","header-below-stick-meta":"","astra-migrate-meta-layouts":"set","ast-page-background-enabled":"default","ast-page-background-meta":{"desktop":{"background-color":"var(--ast-global-color-4)","background-image":"","background-repeat":"repeat","background-position":"center center","background-size":"auto","background-attachment":"scroll","background-type":"","background-media":"","overlay-type":"","overlay-color":"","overlay-opacity":"","overlay-gradient":""},"tablet":{"background-color":"","background-image":"","background-repeat":"repeat","background-position":"center center","background-size":"auto","background-attachment":"scroll","background-type":"","background-media":"","overlay-type":"","overlay-color":"","overlay-opacity":"","overlay-gradient":""},"mobile":{"background-color":"","background-image":"","background-repeat":"repeat","background-position":"center center","background-size":"auto","background-attachment":"scroll","background-type":"","background-media":"","overlay-type":"","overlay-color":"","overlay-opacity":"","overlay-gradient":""}},"ast-content-background-meta":{"desktop":{"background-color":"var(--ast-global-color-5)","background-image":"","background-repeat":"repeat","background-position":"center center","background-size":"auto","background-attachment":"scroll","background-type":"","background-media":"","overlay-type":"","overlay-color":"","overlay-opacity":"","overlay-gradient":""},"tablet":{"background-color":"var(--ast-global-color-5)","background-image":"","background-repeat":"repeat","background-position":"center center","background-size":"auto","background-attachment":"scroll","background-type":"","background-media":"","overlay-type":"","overlay-color":"","overlay-opacity":"","overlay-gradient":""},"mobile":{"background-color":"var(--ast-global-color-5)","background-image":"","background-repeat":"repeat","background-position":"center center","background-size":"auto","background-attachment":"scroll","background-type":"","background-media":"","overlay-type":"","overlay-color":"","overlay-opacity":"","overlay-gradient":""}},"footnotes":""},"class_list":["post-2594","page","type-page","status-publish","hentry"],"yoast_head":"<!-- This site is optimized with the Yoast SEO plugin v27.3 - https:\/\/yoast.com\/product\/yoast-seo-wordpress\/ -->\n<title>Shipping Details - Race Bottle<\/title>\n<meta name=\"robots\" content=\"index, follow, max-snippet:-1, max-image-preview:large, max-video-preview:-1\" \/>\n<link rel=\"canonical\" href=\"https:\/\/racebottlegt.com\/pt\/shipping-details\/\" \/>\n<meta property=\"og:locale\" content=\"pt_BR\" \/>\n<meta property=\"og:type\" content=\"article\" \/>\n<meta property=\"og:title\" content=\"Shipping Details - Race Bottle\" \/>\n<meta property=\"og:description\" content=\"Shipping &amp; Delivery \u00a0 What are the details of the free shipping offer? Our free shipping offer includes standard shipping only (3 &#8211; 8 days) and is valid on all orders over $75 for Europe and North, Central and South America. Minimum purchase amount excludes purchases of eGift Cards, Coupons or another discount Will I [&hellip;]\" \/>\n<meta property=\"og:url\" content=\"https:\/\/racebottlegt.com\/pt\/shipping-details\/\" \/>\n<meta property=\"og:site_name\" content=\"Race Bottle\" \/>\n<meta property=\"article:modified_time\" content=\"2025-07-31T07:23:06+00:00\" \/>\n<meta name=\"twitter:card\" content=\"summary_large_image\" \/>\n<meta name=\"twitter:label1\" content=\"Est. tempo de leitura\" \/>\n\t<meta name=\"twitter:data1\" content=\"2 minutos\" \/>\n<script type=\"application\/ld+json\" class=\"yoast-schema-graph\">{\"@context\":\"https:\\\/\\\/schema.org\",\"@graph\":[{\"@type\":\"WebPage\",\"@id\":\"https:\\\/\\\/racebottlegt.com\\\/shipping-details\\\/\",\"url\":\"https:\\\/\\\/racebottlegt.com\\\/shipping-details\\\/\",\"name\":\"Shipping Details - Race Bottle\",\"isPartOf\":{\"@id\":\"https:\\\/\\\/racebottlegt.com\\\/#website\"},\"datePublished\":\"2025-05-31T02:07:24+00:00\",\"dateModified\":\"2025-07-31T07:23:06+00:00\",\"breadcrumb\":{\"@id\":\"https:\\\/\\\/racebottlegt.com\\\/shipping-details\\\/#breadcrumb\"},\"inLanguage\":\"pt-BR\",\"potentialAction\":[{\"@type\":\"ReadAction\",\"target\":[\"https:\\\/\\\/racebottlegt.com\\\/shipping-details\\\/\"]}]},{\"@type\":\"BreadcrumbList\",\"@id\":\"https:\\\/\\\/racebottlegt.com\\\/shipping-details\\\/#breadcrumb\",\"itemListElement\":[{\"@type\":\"ListItem\",\"position\":1,\"name\":\"Home\",\"item\":\"https:\\\/\\\/racebottlegt.com\\\/\"},{\"@type\":\"ListItem\",\"position\":2,\"name\":\"Shipping Details\"}]},{\"@type\":\"WebSite\",\"@id\":\"https:\\\/\\\/racebottlegt.com\\\/#website\",\"url\":\"https:\\\/\\\/racebottlegt.com\\\/\",\"name\":\"Race Bottle\",\"description\":\"High performance bottles for high performance athletes\",\"publisher\":{\"@id\":\"https:\\\/\\\/racebottlegt.com\\\/#organization\"},\"potentialAction\":[{\"@type\":\"SearchAction\",\"target\":{\"@type\":\"EntryPoint\",\"urlTemplate\":\"https:\\\/\\\/racebottlegt.com\\\/?s={search_term_string}\"},\"query-input\":{\"@type\":\"PropertyValueSpecification\",\"valueRequired\":true,\"valueName\":\"search_term_string\"}}],\"inLanguage\":\"pt-BR\"},{\"@type\":\"Organization\",\"@id\":\"https:\\\/\\\/racebottlegt.com\\\/#organization\",\"name\":\"Race Bottle\",\"url\":\"https:\\\/\\\/racebottlegt.com\\\/\",\"logo\":{\"@type\":\"ImageObject\",\"inLanguage\":\"pt-BR\",\"@id\":\"https:\\\/\\\/racebottlegt.com\\\/#\\\/schema\\\/logo\\\/image\\\/\",\"url\":\"https:\\\/\\\/i0.wp.com\\\/racebottlegt.com\\\/wp-content\\\/uploads\\\/2025\\\/04\\\/cropped-Race-4.png?fit=500%2C312&ssl=1\",\"contentUrl\":\"https:\\\/\\\/i0.wp.com\\\/racebottlegt.com\\\/wp-content\\\/uploads\\\/2025\\\/04\\\/cropped-Race-4.png?fit=500%2C312&ssl=1\",\"width\":500,\"height\":312,\"caption\":\"Race Bottle\"},\"image\":{\"@id\":\"https:\\\/\\\/racebottlegt.com\\\/#\\\/schema\\\/logo\\\/image\\\/\"}}]}<\/script>\n<!-- \/ Yoast SEO plugin. -->","yoast_head_json":{"title":"Shipping Details - Race Bottle","robots":{"index":"index","follow":"follow","max-snippet":"max-snippet:-1","max-image-preview":"max-image-preview:large","max-video-preview":"max-video-preview:-1"},"canonical":"https:\/\/racebottlegt.com\/pt\/shipping-details\/","og_locale":"pt_BR","og_type":"article","og_title":"Shipping Details - Race Bottle","og_description":"Shipping &amp; Delivery \u00a0 What are the details of the free shipping offer? Our free shipping offer includes standard shipping only (3 &#8211; 8 days) and is valid on all orders over $75 for Europe and North, Central and South America. Minimum purchase amount excludes purchases of eGift Cards, Coupons or another discount Will I [&hellip;]","og_url":"https:\/\/racebottlegt.com\/pt\/shipping-details\/","og_site_name":"Race Bottle","article_modified_time":"2025-07-31T07:23:06+00:00","twitter_card":"summary_large_image","twitter_misc":{"Est. tempo de leitura":"2 minutos"},"schema":{"@context":"https:\/\/schema.org","@graph":[{"@type":"WebPage","@id":"https:\/\/racebottlegt.com\/shipping-details\/","url":"https:\/\/racebottlegt.com\/shipping-details\/","name":"Shipping Details - Race Bottle","isPartOf":{"@id":"https:\/\/racebottlegt.com\/#website"},"datePublished":"2025-05-31T02:07:24+00:00","dateModified":"2025-07-31T07:23:06+00:00","breadcrumb":{"@id":"https:\/\/racebottlegt.com\/shipping-details\/#breadcrumb"},"inLanguage":"pt-BR","potentialAction":[{"@type":"ReadAction","target":["https:\/\/racebottlegt.com\/shipping-details\/"]}]},{"@type":"BreadcrumbList","@id":"https:\/\/racebottlegt.com\/shipping-details\/#breadcrumb","itemListElement":[{"@type":"ListItem","position":1,"name":"Home","item":"https:\/\/racebottlegt.com\/"},{"@type":"ListItem","position":2,"name":"Shipping Details"}]},{"@type":"WebSite","@id":"https:\/\/racebottlegt.com\/#website","url":"https:\/\/racebottlegt.com\/","name":"Garrafa de corrida","description":"Garrafas de alto desempenho para atletas de alto desempenho","publisher":{"@id":"https:\/\/racebottlegt.com\/#organization"},"potentialAction":[{"@type":"SearchAction","target":{"@type":"EntryPoint","urlTemplate":"https:\/\/racebottlegt.com\/?s={search_term_string}"},"query-input":{"@type":"PropertyValueSpecification","valueRequired":true,"valueName":"search_term_string"}}],"inLanguage":"pt-BR"},{"@type":"Organization","@id":"https:\/\/racebottlegt.com\/#organization","name":"Garrafa de corrida","url":"https:\/\/racebottlegt.com\/","logo":{"@type":"ImageObject","inLanguage":"pt-BR","@id":"https:\/\/racebottlegt.com\/#\/schema\/logo\/image\/","url":"https:\/\/i0.wp.com\/racebottlegt.com\/wp-content\/uploads\/2025\/04\/cropped-Race-4.png?fit=500%2C312&ssl=1","contentUrl":"https:\/\/i0.wp.com\/racebottlegt.com\/wp-content\/uploads\/2025\/04\/cropped-Race-4.png?fit=500%2C312&ssl=1","width":500,"height":312,"caption":"Race Bottle"},"image":{"@id":"https:\/\/racebottlegt.com\/#\/schema\/logo\/image\/"}}]}},"jetpack_sharing_enabled":true,"_links":{"self":[{"href":"https:\/\/racebottlegt.com\/pt\/wp-json\/wp\/v2\/pages\/2594","targetHints":{"allow":["GET"]}}],"collection":[{"href":"https:\/\/racebottlegt.com\/pt\/wp-json\/wp\/v2\/pages"}],"about":[{"href":"https:\/\/racebottlegt.com\/pt\/wp-json\/wp\/v2\/types\/page"}],"author":[{"embeddable":true,"href":"https:\/\/racebottlegt.com\/pt\/wp-json\/wp\/v2\/users\/2"}],"replies":[{"embeddable":true,"href":"https:\/\/racebottlegt.com\/pt\/wp-json\/wp\/v2\/comments?post=2594"}],"version-history":[{"count":16,"href":"https:\/\/racebottlegt.com\/pt\/wp-json\/wp\/v2\/pages\/2594\/revisions"}],"predecessor-version":[{"id":2680,"href":"https:\/\/racebottlegt.com\/pt\/wp-json\/wp\/v2\/pages\/2594\/revisions\/2680"}],"wp:attachment":[{"href":"https:\/\/racebottlegt.com\/pt\/wp-json\/wp\/v2\/media?parent=2594"}],"curies":[{"name":"wp","href":"https:\/\/api.w.org\/{rel}","templated":true}]}}