{"id":2191,"date":"2025-05-02T03:47:37","date_gmt":"2025-05-02T03:47:37","guid":{"rendered":"https:\/\/racebottlegt.com\/?page_id=2191"},"modified":"2025-05-06T07:57:59","modified_gmt":"2025-05-06T07:57:59","slug":"refundpolicy","status":"publish","type":"page","link":"https:\/\/racebottlegt.com\/pt\/refundpolicy\/","title":{"rendered":"Pol\u00edtica de reembolso"},"content":{"rendered":"<div data-elementor-type=\"wp-page\" data-elementor-id=\"2191\" class=\"elementor elementor-2191\">\n\t\t\t\t<div class=\"elementor-element elementor-element-b8f1db1 e-flex e-con-boxed e-con e-parent\" data-id=\"b8f1db1\" data-element_type=\"container\" data-e-type=\"container\">\n\t\t\t\t\t<div class=\"e-con-inner\">\n\t\t\t\t<div class=\"elementor-element elementor-element-0ae5fe6 elementor-widget elementor-widget-heading\" data-id=\"0ae5fe6\" data-element_type=\"widget\" data-e-type=\"widget\" data-widget_type=\"heading.default\">\n\t\t\t\t<div class=\"elementor-widget-container\">\n\t\t\t\t\t<h2 class=\"elementor-heading-title elementor-size-default\">Pol\u00edtica de reembolso<\/h2>\t\t\t\t<\/div>\n\t\t\t\t<\/div>\n\t\t\t\t\t<\/div>\n\t\t\t\t<\/div>\n\t\t<div class=\"elementor-element elementor-element-b5334c0 e-flex e-con-boxed e-con e-parent\" data-id=\"b5334c0\" data-element_type=\"container\" data-e-type=\"container\">\n\t\t\t\t\t<div class=\"e-con-inner\">\n\t\t\t\t<div class=\"elementor-element elementor-element-8960af7 elementor-widget elementor-widget-text-editor\" data-id=\"8960af7\" data-element_type=\"widget\" data-e-type=\"widget\" data-widget_type=\"text-editor.default\">\n\t\t\t\t<div class=\"elementor-widget-container\">\n\t\t\t\t\t\t\t\t\t<p class=\"\" data-start=\"370\" data-end=\"403\"><strong data-start=\"370\" data-end=\"389\">Data de vig\u00eancia:<\/strong> 26\/04\/2025<\/p><p class=\"\" data-start=\"405\" data-end=\"720\">Obrigado por comprar conosco. Todos os nossos produtos s\u00e3o <strong data-start=\"461\" data-end=\"511\">RaceBottle com design personalizado<\/strong>, A empresa oferece produtos de alta qualidade, feitos sob encomenda de acordo com suas especifica\u00e7\u00f5es. Devido \u00e0 natureza de nossos produtos, mantemos uma pol\u00edtica rigorosa de reembolso e preven\u00e7\u00e3o de fraudes para garantir uma experi\u00eancia justa tanto para nossos clientes quanto para nossa empresa.<\/p><hr class=\"\" data-start=\"722\" data-end=\"725\" \/><h4 data-start=\"727\" data-end=\"781\"><strong data-start=\"731\" data-end=\"781\">1. Produtos personalizados - n\u00e3o aceitamos devolu\u00e7\u00f5es<\/strong><\/h4><p class=\"\" data-start=\"289\" data-end=\"481\">Porque nossos itens s\u00e3o feitos especificamente para cada cliente, <strong data-start=\"348\" data-end=\"400\">n\u00e3o s\u00e3o aceitas devolu\u00e7\u00f5es em nenhuma circunst\u00e2ncia<\/strong>, a menos que o produto chegue <strong data-start=\"429\" data-end=\"480\">danificado ou com defeito de fabrica\u00e7\u00e3o verificado<\/strong>.<\/p><p class=\"\" data-start=\"483\" data-end=\"618\">Quando o cliente <strong data-start=\"501\" data-end=\"530\">confirma o projeto final<\/strong> e <strong data-start=\"535\" data-end=\"561\">a produ\u00e7\u00e3o foi iniciada<\/strong>, a ordem <strong data-start=\"573\" data-end=\"617\">n\u00e3o pode ser alterado, cancelado ou reembolsado<\/strong>.<\/p><p class=\"\" data-start=\"620\" data-end=\"755\">Se um produto chegar danificado, o cliente dever\u00e1 nos notificar <strong data-start=\"678\" data-end=\"718\">em at\u00e9 72 horas (3 dias) ap\u00f3s a entrega<\/strong> e fornecer evid\u00eancias fotogr\u00e1ficas claras:<\/p><ul data-start=\"757\" data-end=\"841\"><li class=\"\" data-start=\"757\" data-end=\"777\"><p class=\"\" data-start=\"759\" data-end=\"777\">O item danificado<\/p><\/li><li class=\"\" data-start=\"778\" data-end=\"804\"><p class=\"\" data-start=\"780\" data-end=\"804\">A embalagem original<\/p><\/li><li class=\"\" data-start=\"805\" data-end=\"841\"><p class=\"\" data-start=\"807\" data-end=\"841\">A etiqueta de remessa (se aplic\u00e1vel)<\/p><\/li><\/ul><p class=\"\" data-start=\"843\" data-end=\"936\">Ap\u00f3s analisar as evid\u00eancias, podemos, <strong data-start=\"881\" data-end=\"907\">a nosso crit\u00e9rio exclusivo<\/strong>, Ofere\u00e7a uma das seguintes op\u00e7\u00f5es:<\/p><ul data-start=\"938\" data-end=\"1029\"><li class=\"\" data-start=\"938\" data-end=\"959\"><p class=\"\" data-start=\"940\" data-end=\"959\">A <strong data-start=\"942\" data-end=\"957\">reembolso total<\/strong><\/p><\/li><li class=\"\" data-start=\"960\" data-end=\"984\"><p class=\"\" data-start=\"962\" data-end=\"984\">A <strong data-start=\"964\" data-end=\"982\">reembolso parcial<\/strong><\/p><\/li><li class=\"\" data-start=\"985\" data-end=\"1029\"><p class=\"\" data-start=\"987\" data-end=\"1029\">A <strong data-start=\"989\" data-end=\"1012\">produto de substitui\u00e7\u00e3o<\/strong> sem custo adicional<\/p><\/li><\/ul><p class=\"\" data-start=\"1031\" data-end=\"1130\">Solicita\u00e7\u00f5es enviadas <strong data-start=\"1050\" data-end=\"1078\">ap\u00f3s o per\u00edodo de 72 horas<\/strong> n\u00e3o ter\u00e1 direito a nenhum reembolso ou substitui\u00e7\u00e3o.<\/p><hr class=\"\" data-start=\"1055\" data-end=\"1058\" \/><h4 data-start=\"1060\" data-end=\"1090\"><strong data-start=\"1064\" data-end=\"1090\">2. Confirma\u00e7\u00e3o de design<\/strong><\/h4><p class=\"\" data-start=\"310\" data-end=\"529\">Todos os nossos produtos s\u00e3o feitos sob medida com base no design que o cliente seleciona diretamente em nosso site.<br data-start=\"411\" data-end=\"414\" \/><strong data-start=\"414\" data-end=\"529\">Ao escolher um design e concluir a compra, o cliente confirma sua aprova\u00e7\u00e3o do produto selecionado.<\/strong><\/p><p class=\"\" data-start=\"531\" data-end=\"602\">Nenhuma confirma\u00e7\u00e3o adicional de design ser\u00e1 enviada por e-mail ou por outros meios.<\/p><p class=\"\" data-start=\"604\" data-end=\"819\">Se o cliente desejar relatar qualquer problema, solicitar uma corre\u00e7\u00e3o ou fazer uma altera\u00e7\u00e3o no design selecionado, ele dever\u00e1 entrar em contato conosco pelo e-mail <strong data-start=\"735\" data-end=\"760\"><a class=\"cursor-pointer\" rel=\"noopener\" data-start=\"737\" data-end=\"758\">info@racebottlegt.com<\/a><\/strong> dentro de <strong data-start=\"768\" data-end=\"792\">um (1) dia \u00fatil<\/strong> depois que o pedido for feito.<\/p><p class=\"\" data-start=\"821\" data-end=\"918\"><strong data-start=\"821\" data-end=\"875\">Ap\u00f3s esse per\u00edodo, todos os pedidos s\u00e3o considerados finais<\/strong>, e a produ\u00e7\u00e3o continuar\u00e1 conforme programado.<\/p><p class=\"\" data-start=\"920\" data-end=\"1050\">Quaisquer erros, mudan\u00e7as de prefer\u00eancia ou interpreta\u00e7\u00f5es err\u00f4neas ap\u00f3s esse per\u00edodo s\u00e3o <strong data-start=\"997\" data-end=\"1013\">n\u00e3o eleg\u00edvel<\/strong> para reembolso, modifica\u00e7\u00e3o ou retrabalho.<\/p><hr class=\"\" data-start=\"1352\" data-end=\"1355\" \/><h4 data-start=\"1357\" data-end=\"1384\"><strong data-start=\"1361\" data-end=\"1384\">3. Varia\u00e7\u00f5es de cores<\/strong><\/h4><p class=\"\" data-start=\"1386\" data-end=\"1639\">Observe: <strong data-start=\"1399\" data-end=\"1435\">podem ocorrer pequenas varia\u00e7\u00f5es de cor<\/strong> entre as visualiza\u00e7\u00f5es digitais e o produto impresso final devido a diferen\u00e7as de tela e processos de produ\u00e7\u00e3o. Essas diferen\u00e7as s\u00e3o <strong data-start=\"1565\" data-end=\"1591\">n\u00e3o s\u00e3o considerados defeitos<\/strong> e n\u00e3o se qualificam para reembolsos ou substitui\u00e7\u00f5es.<\/p><hr class=\"\" data-start=\"1641\" data-end=\"1644\" \/><h4 data-start=\"1646\" data-end=\"1683\"><strong data-start=\"1650\" data-end=\"1683\">4. Itens danificados ou com defeito<\/strong><\/h4><p class=\"\" data-start=\"336\" data-end=\"476\">Todas as garrafas s\u00e3o cuidadosamente <strong data-start=\"363\" data-end=\"406\">inspecionado antes de sair de nossas instala\u00e7\u00f5es<\/strong> para garantir que atendam aos altos padr\u00f5es de qualidade e estejam livres de defeitos.<\/p><p class=\"\" data-start=\"478\" data-end=\"704\">Se o item chegar com danos vis\u00edveis ou com um problema de fabrica\u00e7\u00e3o causado durante o transporte, voc\u00ea poder\u00e1 solicitar um <strong data-start=\"586\" data-end=\"606\">substitui\u00e7\u00e3o gratuita<\/strong>, a <strong data-start=\"610\" data-end=\"628\">reembolso parcial<\/strong>, ou um <strong data-start=\"635\" data-end=\"650\">reembolso total<\/strong>, <strong data-start=\"652\" data-end=\"703\">sujeito \u00e0s condi\u00e7\u00f5es descritas na Se\u00e7\u00e3o 1<\/strong>.<\/p><p class=\"\" data-start=\"706\" data-end=\"721\">Para ser eleg\u00edvel:<\/p><ul data-start=\"723\" data-end=\"976\"><li class=\"\" data-start=\"723\" data-end=\"826\"><p class=\"\" data-start=\"725\" data-end=\"826\">Voc\u00ea deve entrar em contato conosco em <strong data-start=\"748\" data-end=\"773\"><a class=\"cursor-pointer\" rel=\"noopener\" data-start=\"750\" data-end=\"771\">info@racebottlegt.com<\/a><\/strong> dentro de <strong data-start=\"781\" data-end=\"811\">72 horas (3 dias \u00fateis)<\/strong> de entrega.<\/p><\/li><li class=\"\" data-start=\"827\" data-end=\"933\"><p class=\"\" data-start=\"829\" data-end=\"933\">Voc\u00ea deve fornecer <strong data-start=\"846\" data-end=\"867\">fotografias n\u00edtidas<\/strong> do produto danificado, da embalagem original e da etiqueta de remessa.<\/p><\/li><li class=\"\" data-start=\"934\" data-end=\"976\"><p class=\"\" data-start=\"936\" data-end=\"976\">O produto <strong data-start=\"948\" data-end=\"975\">n\u00e3o deve ter sido usado<\/strong>.<\/p><\/li><\/ul><p class=\"\" data-start=\"978\" data-end=\"1105\">Solicita\u00e7\u00f5es enviadas ap\u00f3s o per\u00edodo de 72 horas ou sem a documenta\u00e7\u00e3o adequada <strong data-start=\"1054\" data-end=\"1078\">n\u00e3o ser\u00e1 eleg\u00edvel<\/strong> para reembolso ou substitui\u00e7\u00e3o.<\/p><hr class=\"\" data-start=\"2010\" data-end=\"2013\" \/><h4 data-start=\"2015\" data-end=\"2065\"><strong data-start=\"2019\" data-end=\"2065\">5. Autoriza\u00e7\u00e3o de pagamento e uso de cart\u00e3o de cr\u00e9dito<\/strong><\/h4><p class=\"\" data-start=\"2067\" data-end=\"2352\">Ao concluir uma compra, o cliente confirma que \u00e9 o <strong data-start=\"2128\" data-end=\"2176\">titular autorizado do m\u00e9todo de pagamento utilizado<\/strong>.<br data-start=\"2177\" data-end=\"2180\" \/>Qualquer uso n\u00e3o autorizado de cart\u00f5es de cr\u00e9dito ou d\u00e9bito ser\u00e1 considerado <strong data-start=\"2245\" data-end=\"2254\">fraude<\/strong>, e nos reservamos o direito de denunciar tal atividade ao processador de pagamentos e \u00e0s autoridades locais.<\/p><hr class=\"\" data-start=\"2354\" data-end=\"2357\" \/><h4 data-start=\"2359\" data-end=\"2401\"><strong data-start=\"2363\" data-end=\"2401\">6. Revis\u00e3o de pedidos e preven\u00e7\u00e3o de fraudes<\/strong><\/h4><p class=\"\" data-start=\"2403\" data-end=\"2536\">N\u00f3s nos reservamos o direito de <strong data-start=\"2427\" data-end=\"2463\">reter, atrasar ou cancelar qualquer pedido<\/strong> se detectarmos sinais de atividade fraudulenta, incluindo, mas n\u00e3o se limitando a:<\/p><ul data-start=\"2538\" data-end=\"2696\"><li class=\"\" data-start=\"2538\" data-end=\"2585\"><p class=\"\" data-start=\"2540\" data-end=\"2585\">Informa\u00e7\u00f5es de faturamento e envio incompat\u00edveis<\/p><\/li><li class=\"\" data-start=\"2586\" data-end=\"2634\"><p class=\"\" data-start=\"2588\" data-end=\"2634\">Uso de m\u00e9todos de pagamento sinalizados ou suspeitos<\/p><\/li><li class=\"\" data-start=\"2635\" data-end=\"2671\"><p class=\"\" data-start=\"2637\" data-end=\"2671\">Repetidas tentativas de pagamento sem sucesso<\/p><\/li><li class=\"\" data-start=\"2672\" data-end=\"2696\"><p class=\"\" data-start=\"2674\" data-end=\"2696\">Padr\u00f5es de pedidos incomuns<\/p><\/li><\/ul><p class=\"\" data-start=\"2698\" data-end=\"2801\">Em certos casos, podemos solicitar <strong data-start=\"2731\" data-end=\"2767\">verifica\u00e7\u00e3o adicional de identidade<\/strong> antes de prosseguir com o pedido.<\/p><hr class=\"\" data-start=\"2803\" data-end=\"2806\" \/><h4 data-start=\"2808\" data-end=\"2840\"><strong data-start=\"2812\" data-end=\"2840\">7. Prote\u00e7\u00e3o contra estorno<\/strong><\/h4><p class=\"\" data-start=\"2842\" data-end=\"2925\">Ao fazer um pedido em nosso site, voc\u00ea reconhece e aceita nossas pol\u00edticas relacionadas:<\/p><ul data-start=\"2927\" data-end=\"3084\"><li class=\"\" data-start=\"2927\" data-end=\"2961\"><p class=\"\" data-start=\"2929\" data-end=\"2961\">Produtos personalizados n\u00e3o retorn\u00e1veis<\/p><\/li><li class=\"\" data-start=\"2962\" data-end=\"2989\"><p class=\"\" data-start=\"2964\" data-end=\"2989\">Processo de aprova\u00e7\u00e3o do projeto<\/p><\/li><li class=\"\" data-start=\"2990\" data-end=\"3023\"><p class=\"\" data-start=\"2992\" data-end=\"3023\">Toler\u00e2ncia de cor na produ\u00e7\u00e3o<\/p><\/li><li class=\"\" data-start=\"3024\" data-end=\"3084\"><p class=\"\" data-start=\"3026\" data-end=\"3084\">Reembolsos somente para danos verific\u00e1veis ou problemas de fabrica\u00e7\u00e3o<\/p><\/li><\/ul><p class=\"\" data-start=\"3086\" data-end=\"3346\"><strong data-start=\"3086\" data-end=\"3160\">Qualquer estorno iniciado fora dessas condi\u00e7\u00f5es ser\u00e1 contestado<\/strong> com evid\u00eancias completas, incluindo registros de aprova\u00e7\u00e3o de projeto, rastreamento de remessa, fotos e comunica\u00e7\u00f5es.<br data-start=\"3261\" data-end=\"3264\" \/>Os estornos fraudulentos podem levar a <strong data-start=\"3299\" data-end=\"3345\">a\u00e7\u00f5es de recupera\u00e7\u00e3o de d\u00edvidas e procedimentos legais<\/strong>.<\/p><hr class=\"\" data-start=\"3348\" data-end=\"3351\" \/><h4 data-start=\"3353\" data-end=\"3374\"><strong data-start=\"3357\" data-end=\"3374\">8. Entre em contato conosco<\/strong><\/h4><p class=\"\" data-start=\"3376\" data-end=\"3514\">Se tiver d\u00favidas ou precisar de ajuda com um pedido, entre em contato conosco:<br data-start=\"3447\" data-end=\"3450\" \/>\ud83d\udce7 info@racebottlegt.com<br data-start=\"3473\" data-end=\"3476\" \/><br \/><\/p>\t\t\t\t\t\t\t\t<\/div>\n\t\t\t\t<\/div>\n\t\t\t\t\t<\/div>\n\t\t\t\t<\/div>\n\t\t\t\t<\/div>","protected":false},"excerpt":{"rendered":"<p>Refund Policy Effective Date: 26\/04\/2025 Thank you for shopping with us. All of our products are custom-designed RaceBottle, made-to-order according to your specifications. Due to the nature of our products, we maintain a strict refund and fraud prevention policy to ensure a fair experience for both our customers and our business. 1. Personalized Products \u2013 [&hellip;]<\/p>\n","protected":false},"author":2,"featured_media":0,"parent":0,"menu_order":0,"comment_status":"closed","ping_status":"closed","template":"","meta":{"nf_dc_page":"","_monsterinsights_skip_tracking":false,"_monsterinsights_sitenote_active":false,"_monsterinsights_sitenote_note":"","_monsterinsights_sitenote_category":0,"site-sidebar-layout":"no-sidebar","site-content-layout":"page-builder","ast-site-content-layout":"full-width-container","site-content-style":"default","site-sidebar-style":"default","ast-global-header-display":"","ast-banner-title-visibility":"","ast-main-header-display":"","ast-hfb-above-header-display":"","ast-hfb-below-header-display":"","ast-hfb-mobile-header-display":"","site-post-title":"disabled","ast-breadcrumbs-content":"","ast-featured-img":"disabled","footer-sml-layout":"","ast-disable-related-posts":"","theme-transparent-header-meta":"","adv-header-id-meta":"","stick-header-meta":"","header-above-stick-meta":"","header-main-stick-meta":"","header-below-stick-meta":"","astra-migrate-meta-layouts":"set","ast-page-background-enabled":"default","ast-page-background-meta":{"desktop":{"background-color":"var(--ast-global-color-4)","background-image":"","background-repeat":"repeat","background-position":"center center","background-size":"auto","background-attachment":"scroll","background-type":"","background-media":"","overlay-type":"","overlay-color":"","overlay-opacity":"","overlay-gradient":""},"tablet":{"background-color":"","background-image":"","background-repeat":"repeat","background-position":"center center","background-size":"auto","background-attachment":"scroll","background-type":"","background-media":"","overlay-type":"","overlay-color":"","overlay-opacity":"","overlay-gradient":""},"mobile":{"background-color":"","background-image":"","background-repeat":"repeat","background-position":"center center","background-size":"auto","background-attachment":"scroll","background-type":"","background-media":"","overlay-type":"","overlay-color":"","overlay-opacity":"","overlay-gradient":""}},"ast-content-background-meta":{"desktop":{"background-color":"var(--ast-global-color-5)","background-image":"","background-repeat":"repeat","background-position":"center center","background-size":"auto","background-attachment":"scroll","background-type":"","background-media":"","overlay-type":"","overlay-color":"","overlay-opacity":"","overlay-gradient":""},"tablet":{"background-color":"var(--ast-global-color-5)","background-image":"","background-repeat":"repeat","background-position":"center center","background-size":"auto","background-attachment":"scroll","background-type":"","background-media":"","overlay-type":"","overlay-color":"","overlay-opacity":"","overlay-gradient":""},"mobile":{"background-color":"var(--ast-global-color-5)","background-image":"","background-repeat":"repeat","background-position":"center center","background-size":"auto","background-attachment":"scroll","background-type":"","background-media":"","overlay-type":"","overlay-color":"","overlay-opacity":"","overlay-gradient":""}},"footnotes":""},"class_list":["post-2191","page","type-page","status-publish","hentry"],"yoast_head":"<!-- This site is optimized with the Yoast SEO plugin v27.3 - https:\/\/yoast.com\/product\/yoast-seo-wordpress\/ -->\n<title>Refund Policy - Race Bottle<\/title>\n<meta name=\"robots\" content=\"index, follow, max-snippet:-1, max-image-preview:large, max-video-preview:-1\" \/>\n<link rel=\"canonical\" href=\"https:\/\/racebottlegt.com\/pt\/refundpolicy\/\" \/>\n<meta property=\"og:locale\" content=\"pt_BR\" \/>\n<meta property=\"og:type\" content=\"article\" \/>\n<meta property=\"og:title\" content=\"Refund Policy - Race Bottle\" \/>\n<meta property=\"og:description\" content=\"Refund Policy Effective Date: 26\/04\/2025 Thank you for shopping with us. All of our products are custom-designed RaceBottle, made-to-order according to your specifications. Due to the nature of our products, we maintain a strict refund and fraud prevention policy to ensure a fair experience for both our customers and our business. 1. Personalized Products \u2013 [&hellip;]\" \/>\n<meta property=\"og:url\" content=\"https:\/\/racebottlegt.com\/pt\/refundpolicy\/\" \/>\n<meta property=\"og:site_name\" content=\"Race Bottle\" \/>\n<meta property=\"article:modified_time\" content=\"2025-05-06T07:57:59+00:00\" \/>\n<meta name=\"twitter:card\" content=\"summary_large_image\" \/>\n<meta name=\"twitter:label1\" content=\"Est. tempo de leitura\" \/>\n\t<meta name=\"twitter:data1\" content=\"3 minutos\" \/>\n<script type=\"application\/ld+json\" class=\"yoast-schema-graph\">{\"@context\":\"https:\\\/\\\/schema.org\",\"@graph\":[{\"@type\":\"WebPage\",\"@id\":\"https:\\\/\\\/racebottlegt.com\\\/refundpolicy\\\/\",\"url\":\"https:\\\/\\\/racebottlegt.com\\\/refundpolicy\\\/\",\"name\":\"Refund Policy - Race Bottle\",\"isPartOf\":{\"@id\":\"https:\\\/\\\/racebottlegt.com\\\/#website\"},\"datePublished\":\"2025-05-02T03:47:37+00:00\",\"dateModified\":\"2025-05-06T07:57:59+00:00\",\"breadcrumb\":{\"@id\":\"https:\\\/\\\/racebottlegt.com\\\/refundpolicy\\\/#breadcrumb\"},\"inLanguage\":\"pt-BR\",\"potentialAction\":[{\"@type\":\"ReadAction\",\"target\":[\"https:\\\/\\\/racebottlegt.com\\\/refundpolicy\\\/\"]}]},{\"@type\":\"BreadcrumbList\",\"@id\":\"https:\\\/\\\/racebottlegt.com\\\/refundpolicy\\\/#breadcrumb\",\"itemListElement\":[{\"@type\":\"ListItem\",\"position\":1,\"name\":\"Home\",\"item\":\"https:\\\/\\\/racebottlegt.com\\\/\"},{\"@type\":\"ListItem\",\"position\":2,\"name\":\"Refund Policy\"}]},{\"@type\":\"WebSite\",\"@id\":\"https:\\\/\\\/racebottlegt.com\\\/#website\",\"url\":\"https:\\\/\\\/racebottlegt.com\\\/\",\"name\":\"Race Bottle\",\"description\":\"High performance bottles for high performance athletes\",\"publisher\":{\"@id\":\"https:\\\/\\\/racebottlegt.com\\\/#organization\"},\"potentialAction\":[{\"@type\":\"SearchAction\",\"target\":{\"@type\":\"EntryPoint\",\"urlTemplate\":\"https:\\\/\\\/racebottlegt.com\\\/?s={search_term_string}\"},\"query-input\":{\"@type\":\"PropertyValueSpecification\",\"valueRequired\":true,\"valueName\":\"search_term_string\"}}],\"inLanguage\":\"pt-BR\"},{\"@type\":\"Organization\",\"@id\":\"https:\\\/\\\/racebottlegt.com\\\/#organization\",\"name\":\"Race Bottle\",\"url\":\"https:\\\/\\\/racebottlegt.com\\\/\",\"logo\":{\"@type\":\"ImageObject\",\"inLanguage\":\"pt-BR\",\"@id\":\"https:\\\/\\\/racebottlegt.com\\\/#\\\/schema\\\/logo\\\/image\\\/\",\"url\":\"https:\\\/\\\/i0.wp.com\\\/racebottlegt.com\\\/wp-content\\\/uploads\\\/2025\\\/04\\\/cropped-Race-4.png?fit=500%2C312&ssl=1\",\"contentUrl\":\"https:\\\/\\\/i0.wp.com\\\/racebottlegt.com\\\/wp-content\\\/uploads\\\/2025\\\/04\\\/cropped-Race-4.png?fit=500%2C312&ssl=1\",\"width\":500,\"height\":312,\"caption\":\"Race Bottle\"},\"image\":{\"@id\":\"https:\\\/\\\/racebottlegt.com\\\/#\\\/schema\\\/logo\\\/image\\\/\"}}]}<\/script>\n<!-- \/ Yoast SEO plugin. -->","yoast_head_json":{"title":"Refund Policy - Race Bottle","robots":{"index":"index","follow":"follow","max-snippet":"max-snippet:-1","max-image-preview":"max-image-preview:large","max-video-preview":"max-video-preview:-1"},"canonical":"https:\/\/racebottlegt.com\/pt\/refundpolicy\/","og_locale":"pt_BR","og_type":"article","og_title":"Refund Policy - Race Bottle","og_description":"Refund Policy Effective Date: 26\/04\/2025 Thank you for shopping with us. All of our products are custom-designed RaceBottle, made-to-order according to your specifications. Due to the nature of our products, we maintain a strict refund and fraud prevention policy to ensure a fair experience for both our customers and our business. 1. Personalized Products \u2013 [&hellip;]","og_url":"https:\/\/racebottlegt.com\/pt\/refundpolicy\/","og_site_name":"Race Bottle","article_modified_time":"2025-05-06T07:57:59+00:00","twitter_card":"summary_large_image","twitter_misc":{"Est. tempo de leitura":"3 minutos"},"schema":{"@context":"https:\/\/schema.org","@graph":[{"@type":"WebPage","@id":"https:\/\/racebottlegt.com\/refundpolicy\/","url":"https:\/\/racebottlegt.com\/refundpolicy\/","name":"Refund Policy - Race Bottle","isPartOf":{"@id":"https:\/\/racebottlegt.com\/#website"},"datePublished":"2025-05-02T03:47:37+00:00","dateModified":"2025-05-06T07:57:59+00:00","breadcrumb":{"@id":"https:\/\/racebottlegt.com\/refundpolicy\/#breadcrumb"},"inLanguage":"pt-BR","potentialAction":[{"@type":"ReadAction","target":["https:\/\/racebottlegt.com\/refundpolicy\/"]}]},{"@type":"BreadcrumbList","@id":"https:\/\/racebottlegt.com\/refundpolicy\/#breadcrumb","itemListElement":[{"@type":"ListItem","position":1,"name":"Home","item":"https:\/\/racebottlegt.com\/"},{"@type":"ListItem","position":2,"name":"Refund Policy"}]},{"@type":"WebSite","@id":"https:\/\/racebottlegt.com\/#website","url":"https:\/\/racebottlegt.com\/","name":"Garrafa de corrida","description":"Garrafas de alto desempenho para atletas de alto desempenho","publisher":{"@id":"https:\/\/racebottlegt.com\/#organization"},"potentialAction":[{"@type":"SearchAction","target":{"@type":"EntryPoint","urlTemplate":"https:\/\/racebottlegt.com\/?s={search_term_string}"},"query-input":{"@type":"PropertyValueSpecification","valueRequired":true,"valueName":"search_term_string"}}],"inLanguage":"pt-BR"},{"@type":"Organization","@id":"https:\/\/racebottlegt.com\/#organization","name":"Garrafa de corrida","url":"https:\/\/racebottlegt.com\/","logo":{"@type":"ImageObject","inLanguage":"pt-BR","@id":"https:\/\/racebottlegt.com\/#\/schema\/logo\/image\/","url":"https:\/\/i0.wp.com\/racebottlegt.com\/wp-content\/uploads\/2025\/04\/cropped-Race-4.png?fit=500%2C312&ssl=1","contentUrl":"https:\/\/i0.wp.com\/racebottlegt.com\/wp-content\/uploads\/2025\/04\/cropped-Race-4.png?fit=500%2C312&ssl=1","width":500,"height":312,"caption":"Race Bottle"},"image":{"@id":"https:\/\/racebottlegt.com\/#\/schema\/logo\/image\/"}}]}},"jetpack_sharing_enabled":true,"_links":{"self":[{"href":"https:\/\/racebottlegt.com\/pt\/wp-json\/wp\/v2\/pages\/2191","targetHints":{"allow":["GET"]}}],"collection":[{"href":"https:\/\/racebottlegt.com\/pt\/wp-json\/wp\/v2\/pages"}],"about":[{"href":"https:\/\/racebottlegt.com\/pt\/wp-json\/wp\/v2\/types\/page"}],"author":[{"embeddable":true,"href":"https:\/\/racebottlegt.com\/pt\/wp-json\/wp\/v2\/users\/2"}],"replies":[{"embeddable":true,"href":"https:\/\/racebottlegt.com\/pt\/wp-json\/wp\/v2\/comments?post=2191"}],"version-history":[{"count":11,"href":"https:\/\/racebottlegt.com\/pt\/wp-json\/wp\/v2\/pages\/2191\/revisions"}],"predecessor-version":[{"id":2545,"href":"https:\/\/racebottlegt.com\/pt\/wp-json\/wp\/v2\/pages\/2191\/revisions\/2545"}],"wp:attachment":[{"href":"https:\/\/racebottlegt.com\/pt\/wp-json\/wp\/v2\/media?parent=2191"}],"curies":[{"name":"wp","href":"https:\/\/api.w.org\/{rel}","templated":true}]}}