{"id":2594,"date":"2025-05-31T02:07:24","date_gmt":"2025-05-31T02:07:24","guid":{"rendered":"https:\/\/racebottlegt.com\/?page_id=2594"},"modified":"2025-07-31T07:23:06","modified_gmt":"2025-07-31T07:23:06","slug":"shipping-details","status":"publish","type":"page","link":"https:\/\/racebottlegt.com\/es\/shipping-details\/","title":{"rendered":"Shipping Details"},"content":{"rendered":"<div data-elementor-type=\"wp-page\" data-elementor-id=\"2594\" class=\"elementor elementor-2594\">\n\t\t\t\t<div class=\"elementor-element elementor-element-dee624b e-flex e-con-boxed e-con e-parent\" data-id=\"dee624b\" data-element_type=\"container\" data-e-type=\"container\">\n\t\t\t\t\t<div class=\"e-con-inner\">\n\t\t\t\t<div class=\"elementor-element elementor-element-c10afce elementor-widget elementor-widget-heading\" data-id=\"c10afce\" data-element_type=\"widget\" data-e-type=\"widget\" data-widget_type=\"heading.default\">\n\t\t\t\t<div class=\"elementor-widget-container\">\n\t\t\t\t\t<h1 class=\"elementor-heading-title elementor-size-default\">Envio y Entrega\n<\/h1>\t\t\t\t<\/div>\n\t\t\t\t<\/div>\n\t\t\t\t\t<\/div>\n\t\t\t\t<\/div>\n\t\t<div class=\"elementor-element elementor-element-3e2da5b e-flex e-con-boxed e-con e-parent\" data-id=\"3e2da5b\" data-element_type=\"container\" data-e-type=\"container\">\n\t\t\t\t\t<div class=\"e-con-inner\">\n\t\t\t\t<div class=\"elementor-element elementor-element-53eaa5e elementor-widget elementor-widget-text-editor\" data-id=\"53eaa5e\" data-element_type=\"widget\" data-e-type=\"widget\" data-widget_type=\"text-editor.default\">\n\t\t\t\t<div class=\"elementor-widget-container\">\n\t\t\t\t\t\t\t\t\t<h4>\u00a0<\/h4><h4><strong>Cuales son los detalles de la oferta de envio GRATIS?<\/strong><\/h4><p>Nuestra oferta de env\u00edo gratuito incluye solo el env\u00edo est\u00e1ndar (3 a 8 d\u00edas) y es v\u00e1lida para todos los pedidos superiores a $75 en Europa, Am\u00e9rica del Norte, Am\u00e9rica Central y Am\u00e9rica del Sur. El importe m\u00ednimo de compra no incluye la compra de tarjetas de regalo electr\u00f3nicas, cupones ni ning\u00fan otro descuento.<\/p><h4><strong>\u00bfRecibir\u00e9 una notificaci\u00f3n una vez que se haya enviado mi pedido?<\/strong><\/h4><p data-v-60453898=\"\"><span data-v-60453898=\"\">S\u00ed, recibir\u00e1 un correo electr\u00f3nico de confirmaci\u00f3n de env\u00edo autom\u00e1tico que incluye detalles de seguimiento (tracking number) tan pronto como su paquete salga de nuestro almac\u00e9n, generalmente dentro de 1 a 3 d\u00edas h\u00e1biles desde que realiz\u00f3 su pedido.<\/span><\/p><h4><strong>\u00bfC\u00f3mo se procesa mi pedido y cu\u00e1les son los costos de env\u00edo?<\/strong><\/h4><p data-v-60453898=\"\"><span data-v-60453898=\"\">Todos nuestros pedidos se procesan desde nuestro almac\u00e9n en Guatemala y ofrecemos tarifas aceleradas. Consulte la tabla a continuaci\u00f3n para conocer las tarifas de env\u00edo. Todos los paquetes se env\u00edan a trav\u00e9s de FedEx y se procesan de lunes a viernes durante el horario comercial habitual (de 9 a. m. a 5 p. m. CST). Los pedidos realizados despu\u00e9s de las 2 p. m. CST se procesar\u00e1n el siguiente d\u00eda h\u00e1bil.<\/span><\/p><p>Estados Unidos, Canad\u00e1, M\u00e9xico, Am\u00e9rica Central y Am\u00e9rica del Sur: $6.76<br \/>(gratuito con un valor de pedido superior a $45)<\/p><p>Europa: $18.80<br \/>(gratis con un valor de pedido superior a $90)<\/p><p>Resto del mundo: $26.96<br \/>(Envio gratis a partir de $100)<\/p><p>Tenga en cuenta que algunos pa\u00edses no son compatibles actualmente. Estamos trabajando para encontrar una soluci\u00f3n. Puede comprobar si su pa\u00eds es compatible consultando la lista en el carrito de compra.<\/p><p data-v-60453898=\"\">\u00a0<\/p>\t\t\t\t\t\t\t\t<\/div>\n\t\t\t\t<\/div>\n\t\t\t\t\t<\/div>\n\t\t\t\t<\/div>\n\t\t<div class=\"elementor-element elementor-element-aca0ae3 e-flex e-con-boxed e-con e-parent\" data-id=\"aca0ae3\" data-element_type=\"container\" data-e-type=\"container\">\n\t\t\t\t\t<div class=\"e-con-inner\">\n\t\t\t\t\t<\/div>\n\t\t\t\t<\/div>\n\t\t\t\t<\/div>","protected":false},"excerpt":{"rendered":"<p>Shipping &amp; Delivery \u00a0 What are the details of the free shipping offer? Our free shipping offer includes standard shipping only (3 &#8211; 8 days) and is valid on all orders over $75 for Europe and North, Central and South America. Minimum purchase amount excludes purchases of eGift Cards, Coupons or another discount Will I [&hellip;]<\/p>\n","protected":false},"author":2,"featured_media":0,"parent":0,"menu_order":0,"comment_status":"closed","ping_status":"closed","template":"","meta":{"nf_dc_page":"","_monsterinsights_skip_tracking":false,"_monsterinsights_sitenote_active":false,"_monsterinsights_sitenote_note":"","_monsterinsights_sitenote_category":0,"site-sidebar-layout":"no-sidebar","site-content-layout":"page-builder","ast-site-content-layout":"full-width-container","site-content-style":"default","site-sidebar-style":"default","ast-global-header-display":"","ast-banner-title-visibility":"","ast-main-header-display":"","ast-hfb-above-header-display":"","ast-hfb-below-header-display":"","ast-hfb-mobile-header-display":"","site-post-title":"disabled","ast-breadcrumbs-content":"","ast-featured-img":"disabled","footer-sml-layout":"","ast-disable-related-posts":"","theme-transparent-header-meta":"","adv-header-id-meta":"","stick-header-meta":"","header-above-stick-meta":"","header-main-stick-meta":"","header-below-stick-meta":"","astra-migrate-meta-layouts":"set","ast-page-background-enabled":"default","ast-page-background-meta":{"desktop":{"background-color":"var(--ast-global-color-4)","background-image":"","background-repeat":"repeat","background-position":"center center","background-size":"auto","background-attachment":"scroll","background-type":"","background-media":"","overlay-type":"","overlay-color":"","overlay-opacity":"","overlay-gradient":""},"tablet":{"background-color":"","background-image":"","background-repeat":"repeat","background-position":"center center","background-size":"auto","background-attachment":"scroll","background-type":"","background-media":"","overlay-type":"","overlay-color":"","overlay-opacity":"","overlay-gradient":""},"mobile":{"background-color":"","background-image":"","background-repeat":"repeat","background-position":"center center","background-size":"auto","background-attachment":"scroll","background-type":"","background-media":"","overlay-type":"","overlay-color":"","overlay-opacity":"","overlay-gradient":""}},"ast-content-background-meta":{"desktop":{"background-color":"var(--ast-global-color-5)","background-image":"","background-repeat":"repeat","background-position":"center center","background-size":"auto","background-attachment":"scroll","background-type":"","background-media":"","overlay-type":"","overlay-color":"","overlay-opacity":"","overlay-gradient":""},"tablet":{"background-color":"var(--ast-global-color-5)","background-image":"","background-repeat":"repeat","background-position":"center center","background-size":"auto","background-attachment":"scroll","background-type":"","background-media":"","overlay-type":"","overlay-color":"","overlay-opacity":"","overlay-gradient":""},"mobile":{"background-color":"var(--ast-global-color-5)","background-image":"","background-repeat":"repeat","background-position":"center center","background-size":"auto","background-attachment":"scroll","background-type":"","background-media":"","overlay-type":"","overlay-color":"","overlay-opacity":"","overlay-gradient":""}},"footnotes":""},"class_list":["post-2594","page","type-page","status-publish","hentry"],"yoast_head":"<!-- This site is optimized with the Yoast SEO plugin v27.3 - https:\/\/yoast.com\/product\/yoast-seo-wordpress\/ -->\n<title>Shipping Details - Race Bottle<\/title>\n<meta name=\"robots\" content=\"index, follow, max-snippet:-1, max-image-preview:large, max-video-preview:-1\" \/>\n<link rel=\"canonical\" href=\"https:\/\/racebottlegt.com\/es\/shipping-details\/\" \/>\n<meta property=\"og:locale\" content=\"es_ES\" \/>\n<meta property=\"og:type\" content=\"article\" \/>\n<meta property=\"og:title\" content=\"Shipping Details - Race Bottle\" \/>\n<meta property=\"og:description\" content=\"Shipping &amp; Delivery \u00a0 What are the details of the free shipping offer? Our free shipping offer includes standard shipping only (3 &#8211; 8 days) and is valid on all orders over $75 for Europe and North, Central and South America. Minimum purchase amount excludes purchases of eGift Cards, Coupons or another discount Will I [&hellip;]\" \/>\n<meta property=\"og:url\" content=\"https:\/\/racebottlegt.com\/es\/shipping-details\/\" \/>\n<meta property=\"og:site_name\" content=\"Race Bottle\" \/>\n<meta property=\"article:modified_time\" content=\"2025-07-31T07:23:06+00:00\" \/>\n<meta name=\"twitter:card\" content=\"summary_large_image\" \/>\n<meta name=\"twitter:label1\" content=\"Tiempo de lectura\" \/>\n\t<meta name=\"twitter:data1\" content=\"2 minutos\" \/>\n<script type=\"application\/ld+json\" class=\"yoast-schema-graph\">{\"@context\":\"https:\\\/\\\/schema.org\",\"@graph\":[{\"@type\":\"WebPage\",\"@id\":\"https:\\\/\\\/racebottlegt.com\\\/shipping-details\\\/\",\"url\":\"https:\\\/\\\/racebottlegt.com\\\/shipping-details\\\/\",\"name\":\"Shipping Details - Race Bottle\",\"isPartOf\":{\"@id\":\"https:\\\/\\\/racebottlegt.com\\\/#website\"},\"datePublished\":\"2025-05-31T02:07:24+00:00\",\"dateModified\":\"2025-07-31T07:23:06+00:00\",\"breadcrumb\":{\"@id\":\"https:\\\/\\\/racebottlegt.com\\\/shipping-details\\\/#breadcrumb\"},\"inLanguage\":\"es\",\"potentialAction\":[{\"@type\":\"ReadAction\",\"target\":[\"https:\\\/\\\/racebottlegt.com\\\/shipping-details\\\/\"]}]},{\"@type\":\"BreadcrumbList\",\"@id\":\"https:\\\/\\\/racebottlegt.com\\\/shipping-details\\\/#breadcrumb\",\"itemListElement\":[{\"@type\":\"ListItem\",\"position\":1,\"name\":\"Home\",\"item\":\"https:\\\/\\\/racebottlegt.com\\\/\"},{\"@type\":\"ListItem\",\"position\":2,\"name\":\"Shipping Details\"}]},{\"@type\":\"WebSite\",\"@id\":\"https:\\\/\\\/racebottlegt.com\\\/#website\",\"url\":\"https:\\\/\\\/racebottlegt.com\\\/\",\"name\":\"Race Bottle\",\"description\":\"High performance bottles for high performance athletes\",\"publisher\":{\"@id\":\"https:\\\/\\\/racebottlegt.com\\\/#organization\"},\"potentialAction\":[{\"@type\":\"SearchAction\",\"target\":{\"@type\":\"EntryPoint\",\"urlTemplate\":\"https:\\\/\\\/racebottlegt.com\\\/?s={search_term_string}\"},\"query-input\":{\"@type\":\"PropertyValueSpecification\",\"valueRequired\":true,\"valueName\":\"search_term_string\"}}],\"inLanguage\":\"es\"},{\"@type\":\"Organization\",\"@id\":\"https:\\\/\\\/racebottlegt.com\\\/#organization\",\"name\":\"Race Bottle\",\"url\":\"https:\\\/\\\/racebottlegt.com\\\/\",\"logo\":{\"@type\":\"ImageObject\",\"inLanguage\":\"es\",\"@id\":\"https:\\\/\\\/racebottlegt.com\\\/#\\\/schema\\\/logo\\\/image\\\/\",\"url\":\"https:\\\/\\\/i0.wp.com\\\/racebottlegt.com\\\/wp-content\\\/uploads\\\/2025\\\/04\\\/cropped-Race-4.png?fit=500%2C312&ssl=1\",\"contentUrl\":\"https:\\\/\\\/i0.wp.com\\\/racebottlegt.com\\\/wp-content\\\/uploads\\\/2025\\\/04\\\/cropped-Race-4.png?fit=500%2C312&ssl=1\",\"width\":500,\"height\":312,\"caption\":\"Race Bottle\"},\"image\":{\"@id\":\"https:\\\/\\\/racebottlegt.com\\\/#\\\/schema\\\/logo\\\/image\\\/\"}}]}<\/script>\n<!-- \/ Yoast SEO plugin. -->","yoast_head_json":{"title":"Shipping Details - Race Bottle","robots":{"index":"index","follow":"follow","max-snippet":"max-snippet:-1","max-image-preview":"max-image-preview:large","max-video-preview":"max-video-preview:-1"},"canonical":"https:\/\/racebottlegt.com\/es\/shipping-details\/","og_locale":"es_ES","og_type":"article","og_title":"Shipping Details - Race Bottle","og_description":"Shipping &amp; Delivery \u00a0 What are the details of the free shipping offer? Our free shipping offer includes standard shipping only (3 &#8211; 8 days) and is valid on all orders over $75 for Europe and North, Central and South America. Minimum purchase amount excludes purchases of eGift Cards, Coupons or another discount Will I [&hellip;]","og_url":"https:\/\/racebottlegt.com\/es\/shipping-details\/","og_site_name":"Race Bottle","article_modified_time":"2025-07-31T07:23:06+00:00","twitter_card":"summary_large_image","twitter_misc":{"Tiempo de lectura":"2 minutos"},"schema":{"@context":"https:\/\/schema.org","@graph":[{"@type":"WebPage","@id":"https:\/\/racebottlegt.com\/shipping-details\/","url":"https:\/\/racebottlegt.com\/shipping-details\/","name":"Shipping Details - Race Bottle","isPartOf":{"@id":"https:\/\/racebottlegt.com\/#website"},"datePublished":"2025-05-31T02:07:24+00:00","dateModified":"2025-07-31T07:23:06+00:00","breadcrumb":{"@id":"https:\/\/racebottlegt.com\/shipping-details\/#breadcrumb"},"inLanguage":"es","potentialAction":[{"@type":"ReadAction","target":["https:\/\/racebottlegt.com\/shipping-details\/"]}]},{"@type":"BreadcrumbList","@id":"https:\/\/racebottlegt.com\/shipping-details\/#breadcrumb","itemListElement":[{"@type":"ListItem","position":1,"name":"Home","item":"https:\/\/racebottlegt.com\/"},{"@type":"ListItem","position":2,"name":"Shipping Details"}]},{"@type":"WebSite","@id":"https:\/\/racebottlegt.com\/#website","url":"https:\/\/racebottlegt.com\/","name":"Botella de carreras","description":"Botes de alto rendomiento para atletas de alto rendimiento","publisher":{"@id":"https:\/\/racebottlegt.com\/#organization"},"potentialAction":[{"@type":"SearchAction","target":{"@type":"EntryPoint","urlTemplate":"https:\/\/racebottlegt.com\/?s={search_term_string}"},"query-input":{"@type":"PropertyValueSpecification","valueRequired":true,"valueName":"search_term_string"}}],"inLanguage":"es"},{"@type":"Organization","@id":"https:\/\/racebottlegt.com\/#organization","name":"Botella de carreras","url":"https:\/\/racebottlegt.com\/","logo":{"@type":"ImageObject","inLanguage":"es","@id":"https:\/\/racebottlegt.com\/#\/schema\/logo\/image\/","url":"https:\/\/i0.wp.com\/racebottlegt.com\/wp-content\/uploads\/2025\/04\/cropped-Race-4.png?fit=500%2C312&ssl=1","contentUrl":"https:\/\/i0.wp.com\/racebottlegt.com\/wp-content\/uploads\/2025\/04\/cropped-Race-4.png?fit=500%2C312&ssl=1","width":500,"height":312,"caption":"Race Bottle"},"image":{"@id":"https:\/\/racebottlegt.com\/#\/schema\/logo\/image\/"}}]}},"jetpack_sharing_enabled":true,"_links":{"self":[{"href":"https:\/\/racebottlegt.com\/es\/wp-json\/wp\/v2\/pages\/2594","targetHints":{"allow":["GET"]}}],"collection":[{"href":"https:\/\/racebottlegt.com\/es\/wp-json\/wp\/v2\/pages"}],"about":[{"href":"https:\/\/racebottlegt.com\/es\/wp-json\/wp\/v2\/types\/page"}],"author":[{"embeddable":true,"href":"https:\/\/racebottlegt.com\/es\/wp-json\/wp\/v2\/users\/2"}],"replies":[{"embeddable":true,"href":"https:\/\/racebottlegt.com\/es\/wp-json\/wp\/v2\/comments?post=2594"}],"version-history":[{"count":16,"href":"https:\/\/racebottlegt.com\/es\/wp-json\/wp\/v2\/pages\/2594\/revisions"}],"predecessor-version":[{"id":2680,"href":"https:\/\/racebottlegt.com\/es\/wp-json\/wp\/v2\/pages\/2594\/revisions\/2680"}],"wp:attachment":[{"href":"https:\/\/racebottlegt.com\/es\/wp-json\/wp\/v2\/media?parent=2594"}],"curies":[{"name":"wp","href":"https:\/\/api.w.org\/{rel}","templated":true}]}}