{"id":2217,"date":"2025-05-02T04:34:14","date_gmt":"2025-05-02T04:34:14","guid":{"rendered":"https:\/\/racebottlegt.com\/?page_id=2217"},"modified":"2025-05-31T01:55:33","modified_gmt":"2025-05-31T01:55:33","slug":"privacy-policy","status":"publish","type":"page","link":"https:\/\/racebottlegt.com\/es\/privacy-policy\/","title":{"rendered":"Politicas de Privacidad"},"content":{"rendered":"<div data-elementor-type=\"wp-page\" data-elementor-id=\"2217\" class=\"elementor elementor-2217\">\n\t\t\t\t<div class=\"elementor-element elementor-element-6f127e6 e-flex e-con-boxed e-con e-parent\" data-id=\"6f127e6\" data-element_type=\"container\" data-e-type=\"container\">\n\t\t\t\t\t<div class=\"e-con-inner\">\n\t\t\t\t<div class=\"elementor-element elementor-element-614d925 elementor-widget elementor-widget-heading\" data-id=\"614d925\" data-element_type=\"widget\" data-e-type=\"widget\" data-widget_type=\"heading.default\">\n\t\t\t\t<div class=\"elementor-widget-container\">\n\t\t\t\t\t<h2 class=\"elementor-heading-title elementor-size-default\">Politicas de Privacidad<\/h2>\t\t\t\t<\/div>\n\t\t\t\t<\/div>\n\t\t\t\t\t<\/div>\n\t\t\t\t<\/div>\n\t\t<div class=\"elementor-element elementor-element-e31c00d e-flex e-con-boxed e-con e-parent\" data-id=\"e31c00d\" data-element_type=\"container\" data-e-type=\"container\">\n\t\t\t\t\t<div class=\"e-con-inner\">\n\t\t\t\t<div class=\"elementor-element elementor-element-b911f16 elementor-widget elementor-widget-text-editor\" data-id=\"b911f16\" data-element_type=\"widget\" data-e-type=\"widget\" data-widget_type=\"text-editor.default\">\n\t\t\t\t<div class=\"elementor-widget-container\">\n\t\t\t\t\t\t\t\t\t<p><strong data-start=\"314\" data-end=\"329\">Botella de carreras<\/strong> se compromete a proteger su privacidad y la informaci\u00f3n personal que comparte con nosotros. Esta Pol\u00edtica de Privacidad explica c\u00f3mo recopilamos, usamos y protegemos sus datos cuando visita o realiza una compra en <strong data-start=\"554\" data-end=\"574\">racebottlegt.com<\/strong>.<\/p><h3 data-start=\"582\" data-end=\"614\"><strong data-start=\"585\" data-end=\"614\">1. Informaci\u00f3n que recopilamos<\/strong><\/h3><p class=\"\" data-start=\"616\" data-end=\"711\">Cuando interact\u00faa con nuestro sitio web o realiza un pedido, podemos recopilar la siguiente informaci\u00f3n:<\/p><ul data-start=\"713\" data-end=\"1196\"><li class=\"\" data-start=\"713\" data-end=\"814\"><p class=\"\" data-start=\"715\" data-end=\"814\"><strong data-start=\"715\" data-end=\"740\">Informacion Personal:<\/strong><br data-start=\"740\" data-end=\"743\" \/>Nombre, direcci\u00f3n de correo electr\u00f3nico, direcci\u00f3n de env\u00edo, direcci\u00f3n de facturaci\u00f3n, n\u00famero de tel\u00e9fono.<\/p><\/li><li class=\"\" data-start=\"816\" data-end=\"996\"><p class=\"\" data-start=\"818\" data-end=\"996\"><strong data-start=\"818\" data-end=\"842\">Informaci\u00f3n de pago:<\/strong><br data-start=\"842\" data-end=\"845\" \/>Procesado de forma segura a trav\u00e9s de nuestros proveedores de pago externos (QpayPro).<br data-start=\"931\" data-end=\"934\" \/><span style=\"text-decoration: underline;\"><strong>No almacenamos ni accedemos a los datos completos de su tarjeta de cr\u00e9dito.<\/strong><\/span><\/p><\/li><li class=\"\" data-start=\"998\" data-end=\"1080\"><p class=\"\" data-start=\"1000\" data-end=\"1080\"><strong data-start=\"1000\" data-end=\"1018\">Detalles del pedido:<\/strong><br data-start=\"1018\" data-end=\"1021\" \/>Producto seleccionado, personalizaciones, cantidad, importe total.<\/p><\/li><li class=\"\" data-start=\"1082\" data-end=\"1196\"><p class=\"\" data-start=\"1084\" data-end=\"1196\"><strong data-start=\"1084\" data-end=\"1103\">Datos t\u00e9cnicos:<\/strong><br data-start=\"1103\" data-end=\"1106\" \/>Direcci\u00f3n IP, tipo de navegador, informaci\u00f3n del dispositivo, p\u00e1ginas visitadas (a trav\u00e9s de cookies y an\u00e1lisis).<\/p><\/li><\/ul><h3 data-start=\"1203\" data-end=\"1240\"><strong data-start=\"1206\" data-end=\"1240\">2. C\u00f3mo usamos su informaci\u00f3n<\/strong><\/h3><p class=\"\" data-start=\"1242\" data-end=\"1308\">Sus datos se recopilan y utilizan \u00fanicamente para los siguientes fines:<\/p><ul data-start=\"1310\" data-end=\"1630\"><li class=\"\" data-start=\"1310\" data-end=\"1348\"><p class=\"\" data-start=\"1312\" data-end=\"1348\">Para procesar y cumplir sus pedidos<\/p><\/li><li class=\"\" data-start=\"1349\" data-end=\"1426\"><p class=\"\" data-start=\"1351\" data-end=\"1426\">Para enviar correos electr\u00f3nicos transaccionales (confirmaci\u00f3n de pedido, actualizaciones de seguimiento, etc.)<\/p><\/li><li class=\"\" data-start=\"1427\" data-end=\"1458\"><p class=\"\" data-start=\"1429\" data-end=\"1458\">Para brindar atenci\u00f3n al cliente<\/p><\/li><li class=\"\" data-start=\"1459\" data-end=\"1523\"><p class=\"\" data-start=\"1461\" data-end=\"1523\">Para mejorar la funcionalidad de nuestro sitio web y la experiencia del cliente<\/p><\/li><li class=\"\" data-start=\"1524\" data-end=\"1580\"><p class=\"\" data-start=\"1526\" data-end=\"1580\">Para detectar y prevenir el fraude o el abuso de nuestros servicios<\/p><\/li><li class=\"\" data-start=\"1581\" data-end=\"1630\"><p class=\"\" data-start=\"1583\" data-end=\"1630\">Para cumplir con requisitos legales o reglamentarios<\/p><\/li><\/ul><h3 data-start=\"1637\" data-end=\"1671\"><strong data-start=\"1640\" data-end=\"1671\">3. Compartir su informaci\u00f3n<\/strong><\/h3><p class=\"\" data-start=\"1673\" data-end=\"1734\">Nosotros <strong data-start=\"1679\" data-end=\"1707\">No vendemos, alquilamos ni intercambiamos<\/strong> su informaci\u00f3n personal.<\/p><p class=\"\" data-start=\"1736\" data-end=\"1769\">Podemos compartir sus datos s\u00f3lo con:<\/p><ul data-start=\"1771\" data-end=\"2058\"><li class=\"\" data-start=\"1771\" data-end=\"1827\"><p class=\"\" data-start=\"1773\" data-end=\"1827\"><strong data-start=\"1773\" data-end=\"1795\">La plataforma de pagos<\/strong> para completar el pago de forma segura<\/p><\/li><li class=\"\" data-start=\"1828\" data-end=\"1876\"><p class=\"\" data-start=\"1830\" data-end=\"1876\"><strong data-start=\"1830\" data-end=\"1852\">Proveedores de env\u00edo<\/strong> para entregar tu pedido<\/p><\/li><li class=\"\" data-start=\"1877\" data-end=\"1977\"><p class=\"\" data-start=\"1879\" data-end=\"1977\"><strong data-start=\"1879\" data-end=\"1900\">Proveedores de servicios<\/strong> (por ejemplo, plataformas de correo electr\u00f3nico, herramientas de an\u00e1lisis) estrictamente para fines operativos<\/p><\/li><li class=\"\" data-start=\"1978\" data-end=\"2058\"><p class=\"\" data-start=\"1980\" data-end=\"2058\">Autoridades legales cuando sea necesario para cumplir con la ley o hacer cumplir nuestras pol\u00edticas<\/p><\/li><\/ul><h3 data-start=\"2065\" data-end=\"2089\"><strong data-start=\"2068\" data-end=\"2089\">4. Retenci\u00f3n de Datos<\/strong><\/h3><p class=\"\" data-start=\"2091\" data-end=\"2216\">Conservamos su informaci\u00f3n personal solo durante el tiempo que sea necesario para cumplir con los fines descritos en esta pol\u00edtica, incluidos:<\/p><ul data-start=\"2218\" data-end=\"2319\"><li class=\"\" data-start=\"2218\" data-end=\"2243\"><p class=\"\" data-start=\"2220\" data-end=\"2243\">Completando su pedido<\/p><\/li><li class=\"\" data-start=\"2244\" data-end=\"2276\"><p class=\"\" data-start=\"2246\" data-end=\"2276\">Resoluci\u00f3n de disputas o problemas<\/p><\/li><li class=\"\" data-start=\"2277\" data-end=\"2319\"><p class=\"\" data-start=\"2279\" data-end=\"2319\">Cumplimiento de obligaciones legales y fiscales<\/p><\/li><\/ul><p class=\"\" data-start=\"2321\" data-end=\"2462\">Puede solicitar que eliminemos su informaci\u00f3n en cualquier momento comunic\u00e1ndose con <strong data-start=\"2395\" data-end=\"2420\"><a class=\"cursor-pointer\" rel=\"noopener\" data-start=\"2397\" data-end=\"2418\">info@racebottlegt.com<\/a><\/strong>, sujeto a requisitos legales de retenci\u00f3n.<\/p><h3 data-start=\"2469\" data-end=\"2487\"><strong data-start=\"2472\" data-end=\"2487\">5. Seguridad<\/strong><\/h3><p class=\"\" data-start=\"2489\" data-end=\"2745\">Implementamos medidas t\u00e9cnicas y organizativas adecuadas para proteger sus datos del acceso, la alteraci\u00f3n, la divulgaci\u00f3n o la destrucci\u00f3n no autorizados. Sin embargo, ning\u00fan m\u00e9todo de transmisi\u00f3n o almacenamiento es 100 % seguro y no podemos garantizar una protecci\u00f3n absoluta.<\/p><h3 data-start=\"2752\" data-end=\"2783\"><strong data-start=\"2755\" data-end=\"2783\">6. Cookies y Analiticos<\/strong><\/h3><p class=\"\" data-start=\"2785\" data-end=\"2828\">Utilizamos cookies y tecnolog\u00edas similares para:<\/p><ul data-start=\"2830\" data-end=\"2965\"><li class=\"\" data-start=\"2830\" data-end=\"2861\"><p class=\"\" data-start=\"2832\" data-end=\"2861\">Mejorar el rendimiento del sitio web<\/p><\/li><li class=\"\" data-start=\"2862\" data-end=\"2919\"><p class=\"\" data-start=\"2864\" data-end=\"2919\">Analizar el comportamiento de los visitantes mediante an\u00e1lisis an\u00f3nimos<\/p><\/li><li class=\"\" data-start=\"2920\" data-end=\"2965\"><p class=\"\" data-start=\"2922\" data-end=\"2965\">Recordar sus preferencias para futuras visitas<\/p><\/li><\/ul><p class=\"\" data-start=\"2967\" data-end=\"3076\">Puede ajustar la configuraci\u00f3n de su navegador para bloquear las cookies, aunque esto puede afectar su experiencia en nuestro sitio web.<\/p><h3 data-start=\"3083\" data-end=\"3104\"><strong data-start=\"3086\" data-end=\"3104\">7. Tus Derechos<\/strong><\/h3><p class=\"\" data-start=\"3106\" data-end=\"3157\">Dependiendo de su ubicaci\u00f3n, usted puede tener derechos a:<\/p><ul data-start=\"3159\" data-end=\"3350\"><li class=\"\" data-start=\"3159\" data-end=\"3205\"><p class=\"\" data-start=\"3161\" data-end=\"3205\">Acceda a los datos personales que tenemos sobre usted<\/p><\/li><li class=\"\" data-start=\"3206\" data-end=\"3260\"><p class=\"\" data-start=\"3208\" data-end=\"3260\">Solicitar la correcci\u00f3n o eliminaci\u00f3n de su informaci\u00f3n<\/p><\/li><li class=\"\" data-start=\"3261\" data-end=\"3314\"><p class=\"\" data-start=\"3263\" data-end=\"3314\">Oponerse o restringir ciertos tipos de procesamiento<\/p><\/li><li class=\"\" data-start=\"3315\" data-end=\"3350\"><p class=\"\" data-start=\"3317\" data-end=\"3350\">Retirar el consentimiento cuando corresponda<\/p><\/li><\/ul><p class=\"\" data-start=\"3352\" data-end=\"3432\">Para ejercer cualquiera de estos derechos, p\u00f3ngase en contacto con nosotros en <strong data-start=\"3406\" data-end=\"3431\"><a class=\"cursor-pointer\" rel=\"noopener\" data-start=\"3408\" data-end=\"3429\">info@racebottlegt.com<\/a><\/strong>.<\/p><p data-start=\"2321\" data-end=\"2462\">\u00a0<\/p>\t\t\t\t\t\t\t\t<\/div>\n\t\t\t\t<\/div>\n\t\t\t\t\t<\/div>\n\t\t\t\t<\/div>\n\t\t\t\t<\/div>","protected":false},"excerpt":{"rendered":"<p>Privacy Policy Race Bottle is committed to protecting your privacy and the personal information you share with us. This Privacy Policy explains how we collect, use, and safeguard your data when you visit or make a purchase from racebottlegt.com. 1. Information We Collect When you interact with our website or place an order, we may [&hellip;]<\/p>\n","protected":false},"author":2,"featured_media":0,"parent":0,"menu_order":0,"comment_status":"closed","ping_status":"closed","template":"","meta":{"nf_dc_page":"","_monsterinsights_skip_tracking":false,"_monsterinsights_sitenote_active":false,"_monsterinsights_sitenote_note":"","_monsterinsights_sitenote_category":0,"site-sidebar-layout":"no-sidebar","site-content-layout":"page-builder","ast-site-content-layout":"full-width-container","site-content-style":"default","site-sidebar-style":"default","ast-global-header-display":"","ast-banner-title-visibility":"","ast-main-header-display":"","ast-hfb-above-header-display":"","ast-hfb-below-header-display":"","ast-hfb-mobile-header-display":"","site-post-title":"disabled","ast-breadcrumbs-content":"","ast-featured-img":"disabled","footer-sml-layout":"","ast-disable-related-posts":"","theme-transparent-header-meta":"","adv-header-id-meta":"","stick-header-meta":"","header-above-stick-meta":"","header-main-stick-meta":"","header-below-stick-meta":"","astra-migrate-meta-layouts":"set","ast-page-background-enabled":"default","ast-page-background-meta":{"desktop":{"background-color":"var(--ast-global-color-4)","background-image":"","background-repeat":"repeat","background-position":"center center","background-size":"auto","background-attachment":"scroll","background-type":"","background-media":"","overlay-type":"","overlay-color":"","overlay-opacity":"","overlay-gradient":""},"tablet":{"background-color":"","background-image":"","background-repeat":"repeat","background-position":"center center","background-size":"auto","background-attachment":"scroll","background-type":"","background-media":"","overlay-type":"","overlay-color":"","overlay-opacity":"","overlay-gradient":""},"mobile":{"background-color":"","background-image":"","background-repeat":"repeat","background-position":"center center","background-size":"auto","background-attachment":"scroll","background-type":"","background-media":"","overlay-type":"","overlay-color":"","overlay-opacity":"","overlay-gradient":""}},"ast-content-background-meta":{"desktop":{"background-color":"var(--ast-global-color-5)","background-image":"","background-repeat":"repeat","background-position":"center center","background-size":"auto","background-attachment":"scroll","background-type":"","background-media":"","overlay-type":"","overlay-color":"","overlay-opacity":"","overlay-gradient":""},"tablet":{"background-color":"var(--ast-global-color-5)","background-image":"","background-repeat":"repeat","background-position":"center center","background-size":"auto","background-attachment":"scroll","background-type":"","background-media":"","overlay-type":"","overlay-color":"","overlay-opacity":"","overlay-gradient":""},"mobile":{"background-color":"var(--ast-global-color-5)","background-image":"","background-repeat":"repeat","background-position":"center center","background-size":"auto","background-attachment":"scroll","background-type":"","background-media":"","overlay-type":"","overlay-color":"","overlay-opacity":"","overlay-gradient":""}},"footnotes":""},"class_list":["post-2217","page","type-page","status-publish","hentry"],"yoast_head":"<!-- This site is optimized with the Yoast SEO plugin v27.3 - https:\/\/yoast.com\/product\/yoast-seo-wordpress\/ -->\n<title>Privacy Policy - Race Bottle<\/title>\n<meta name=\"robots\" content=\"index, follow, max-snippet:-1, max-image-preview:large, max-video-preview:-1\" \/>\n<link rel=\"canonical\" href=\"https:\/\/racebottlegt.com\/es\/privacy-policy\/\" \/>\n<meta property=\"og:locale\" content=\"es_ES\" \/>\n<meta property=\"og:type\" content=\"article\" \/>\n<meta property=\"og:title\" content=\"Privacy Policy - Race Bottle\" \/>\n<meta property=\"og:description\" content=\"Privacy Policy Race Bottle is committed to protecting your privacy and the personal information you share with us. This Privacy Policy explains how we collect, use, and safeguard your data when you visit or make a purchase from racebottlegt.com. 1. Information We Collect When you interact with our website or place an order, we may [&hellip;]\" \/>\n<meta property=\"og:url\" content=\"https:\/\/racebottlegt.com\/es\/privacy-policy\/\" \/>\n<meta property=\"og:site_name\" content=\"Race Bottle\" \/>\n<meta property=\"article:modified_time\" content=\"2025-05-31T01:55:33+00:00\" \/>\n<meta name=\"twitter:card\" content=\"summary_large_image\" \/>\n<meta name=\"twitter:label1\" content=\"Tiempo de lectura\" \/>\n\t<meta name=\"twitter:data1\" content=\"2 minutos\" \/>\n<script type=\"application\/ld+json\" class=\"yoast-schema-graph\">{\"@context\":\"https:\\\/\\\/schema.org\",\"@graph\":[{\"@type\":\"WebPage\",\"@id\":\"https:\\\/\\\/racebottlegt.com\\\/privacy-policy\\\/\",\"url\":\"https:\\\/\\\/racebottlegt.com\\\/privacy-policy\\\/\",\"name\":\"Privacy Policy - Race Bottle\",\"isPartOf\":{\"@id\":\"https:\\\/\\\/racebottlegt.com\\\/#website\"},\"datePublished\":\"2025-05-02T04:34:14+00:00\",\"dateModified\":\"2025-05-31T01:55:33+00:00\",\"breadcrumb\":{\"@id\":\"https:\\\/\\\/racebottlegt.com\\\/privacy-policy\\\/#breadcrumb\"},\"inLanguage\":\"es\",\"potentialAction\":[{\"@type\":\"ReadAction\",\"target\":[\"https:\\\/\\\/racebottlegt.com\\\/privacy-policy\\\/\"]}]},{\"@type\":\"BreadcrumbList\",\"@id\":\"https:\\\/\\\/racebottlegt.com\\\/privacy-policy\\\/#breadcrumb\",\"itemListElement\":[{\"@type\":\"ListItem\",\"position\":1,\"name\":\"Home\",\"item\":\"https:\\\/\\\/racebottlegt.com\\\/\"},{\"@type\":\"ListItem\",\"position\":2,\"name\":\"Privacy Policy\"}]},{\"@type\":\"WebSite\",\"@id\":\"https:\\\/\\\/racebottlegt.com\\\/#website\",\"url\":\"https:\\\/\\\/racebottlegt.com\\\/\",\"name\":\"Race Bottle\",\"description\":\"High performance bottles for high performance athletes\",\"publisher\":{\"@id\":\"https:\\\/\\\/racebottlegt.com\\\/#organization\"},\"potentialAction\":[{\"@type\":\"SearchAction\",\"target\":{\"@type\":\"EntryPoint\",\"urlTemplate\":\"https:\\\/\\\/racebottlegt.com\\\/?s={search_term_string}\"},\"query-input\":{\"@type\":\"PropertyValueSpecification\",\"valueRequired\":true,\"valueName\":\"search_term_string\"}}],\"inLanguage\":\"es\"},{\"@type\":\"Organization\",\"@id\":\"https:\\\/\\\/racebottlegt.com\\\/#organization\",\"name\":\"Race Bottle\",\"url\":\"https:\\\/\\\/racebottlegt.com\\\/\",\"logo\":{\"@type\":\"ImageObject\",\"inLanguage\":\"es\",\"@id\":\"https:\\\/\\\/racebottlegt.com\\\/#\\\/schema\\\/logo\\\/image\\\/\",\"url\":\"https:\\\/\\\/i0.wp.com\\\/racebottlegt.com\\\/wp-content\\\/uploads\\\/2025\\\/04\\\/cropped-Race-4.png?fit=500%2C312&ssl=1\",\"contentUrl\":\"https:\\\/\\\/i0.wp.com\\\/racebottlegt.com\\\/wp-content\\\/uploads\\\/2025\\\/04\\\/cropped-Race-4.png?fit=500%2C312&ssl=1\",\"width\":500,\"height\":312,\"caption\":\"Race Bottle\"},\"image\":{\"@id\":\"https:\\\/\\\/racebottlegt.com\\\/#\\\/schema\\\/logo\\\/image\\\/\"}}]}<\/script>\n<!-- \/ Yoast SEO plugin. -->","yoast_head_json":{"title":"Privacy Policy - Race Bottle","robots":{"index":"index","follow":"follow","max-snippet":"max-snippet:-1","max-image-preview":"max-image-preview:large","max-video-preview":"max-video-preview:-1"},"canonical":"https:\/\/racebottlegt.com\/es\/privacy-policy\/","og_locale":"es_ES","og_type":"article","og_title":"Privacy Policy - Race Bottle","og_description":"Privacy Policy Race Bottle is committed to protecting your privacy and the personal information you share with us. This Privacy Policy explains how we collect, use, and safeguard your data when you visit or make a purchase from racebottlegt.com. 1. Information We Collect When you interact with our website or place an order, we may [&hellip;]","og_url":"https:\/\/racebottlegt.com\/es\/privacy-policy\/","og_site_name":"Race Bottle","article_modified_time":"2025-05-31T01:55:33+00:00","twitter_card":"summary_large_image","twitter_misc":{"Tiempo de lectura":"2 minutos"},"schema":{"@context":"https:\/\/schema.org","@graph":[{"@type":"WebPage","@id":"https:\/\/racebottlegt.com\/privacy-policy\/","url":"https:\/\/racebottlegt.com\/privacy-policy\/","name":"Privacy Policy - Race Bottle","isPartOf":{"@id":"https:\/\/racebottlegt.com\/#website"},"datePublished":"2025-05-02T04:34:14+00:00","dateModified":"2025-05-31T01:55:33+00:00","breadcrumb":{"@id":"https:\/\/racebottlegt.com\/privacy-policy\/#breadcrumb"},"inLanguage":"es","potentialAction":[{"@type":"ReadAction","target":["https:\/\/racebottlegt.com\/privacy-policy\/"]}]},{"@type":"BreadcrumbList","@id":"https:\/\/racebottlegt.com\/privacy-policy\/#breadcrumb","itemListElement":[{"@type":"ListItem","position":1,"name":"Home","item":"https:\/\/racebottlegt.com\/"},{"@type":"ListItem","position":2,"name":"Privacy Policy"}]},{"@type":"WebSite","@id":"https:\/\/racebottlegt.com\/#website","url":"https:\/\/racebottlegt.com\/","name":"Botella de carreras","description":"Botes de alto rendomiento para atletas de alto rendimiento","publisher":{"@id":"https:\/\/racebottlegt.com\/#organization"},"potentialAction":[{"@type":"SearchAction","target":{"@type":"EntryPoint","urlTemplate":"https:\/\/racebottlegt.com\/?s={search_term_string}"},"query-input":{"@type":"PropertyValueSpecification","valueRequired":true,"valueName":"search_term_string"}}],"inLanguage":"es"},{"@type":"Organization","@id":"https:\/\/racebottlegt.com\/#organization","name":"Botella de carreras","url":"https:\/\/racebottlegt.com\/","logo":{"@type":"ImageObject","inLanguage":"es","@id":"https:\/\/racebottlegt.com\/#\/schema\/logo\/image\/","url":"https:\/\/i0.wp.com\/racebottlegt.com\/wp-content\/uploads\/2025\/04\/cropped-Race-4.png?fit=500%2C312&ssl=1","contentUrl":"https:\/\/i0.wp.com\/racebottlegt.com\/wp-content\/uploads\/2025\/04\/cropped-Race-4.png?fit=500%2C312&ssl=1","width":500,"height":312,"caption":"Race Bottle"},"image":{"@id":"https:\/\/racebottlegt.com\/#\/schema\/logo\/image\/"}}]}},"jetpack_sharing_enabled":true,"_links":{"self":[{"href":"https:\/\/racebottlegt.com\/es\/wp-json\/wp\/v2\/pages\/2217","targetHints":{"allow":["GET"]}}],"collection":[{"href":"https:\/\/racebottlegt.com\/es\/wp-json\/wp\/v2\/pages"}],"about":[{"href":"https:\/\/racebottlegt.com\/es\/wp-json\/wp\/v2\/types\/page"}],"author":[{"embeddable":true,"href":"https:\/\/racebottlegt.com\/es\/wp-json\/wp\/v2\/users\/2"}],"replies":[{"embeddable":true,"href":"https:\/\/racebottlegt.com\/es\/wp-json\/wp\/v2\/comments?post=2217"}],"version-history":[{"count":7,"href":"https:\/\/racebottlegt.com\/es\/wp-json\/wp\/v2\/pages\/2217\/revisions"}],"predecessor-version":[{"id":2551,"href":"https:\/\/racebottlegt.com\/es\/wp-json\/wp\/v2\/pages\/2217\/revisions\/2551"}],"wp:attachment":[{"href":"https:\/\/racebottlegt.com\/es\/wp-json\/wp\/v2\/media?parent=2217"}],"curies":[{"name":"wp","href":"https:\/\/api.w.org\/{rel}","templated":true}]}}