{"id":2211,"date":"2025-05-02T04:28:02","date_gmt":"2025-05-02T04:28:02","guid":{"rendered":"https:\/\/racebottlegt.com\/?page_id=2211"},"modified":"2025-05-06T08:30:00","modified_gmt":"2025-05-06T08:30:00","slug":"faq","status":"publish","type":"page","link":"https:\/\/racebottlegt.com\/es\/faq\/","title":{"rendered":"PREGUNTAS FRECUENTES"},"content":{"rendered":"<div data-elementor-type=\"wp-page\" data-elementor-id=\"2211\" class=\"elementor elementor-2211\">\n\t\t\t\t<div class=\"elementor-element elementor-element-e62da49 e-flex e-con-boxed e-con e-parent\" data-id=\"e62da49\" data-element_type=\"container\" data-e-type=\"container\">\n\t\t\t\t\t<div class=\"e-con-inner\">\n\t\t\t\t<div class=\"elementor-element elementor-element-6e8914b elementor-widget elementor-widget-heading\" data-id=\"6e8914b\" data-element_type=\"widget\" data-e-type=\"widget\" data-widget_type=\"heading.default\">\n\t\t\t\t<div class=\"elementor-widget-container\">\n\t\t\t\t\t<h2 class=\"elementor-heading-title elementor-size-default\">PREGUNTAS FRECUENTES<\/h2>\t\t\t\t<\/div>\n\t\t\t\t<\/div>\n\t\t\t\t\t<\/div>\n\t\t\t\t<\/div>\n\t\t<div class=\"elementor-element elementor-element-d6233eb e-flex e-con-boxed e-con e-parent\" data-id=\"d6233eb\" data-element_type=\"container\" data-e-type=\"container\">\n\t\t\t\t\t<div class=\"e-con-inner\">\n\t\t\t\t<div class=\"elementor-element elementor-element-bbc4934 elementor-widget elementor-widget-text-editor\" data-id=\"bbc4934\" data-element_type=\"widget\" data-e-type=\"widget\" data-widget_type=\"text-editor.default\">\n\t\t\t\t<div class=\"elementor-widget-container\">\n\t\t\t\t\t\t\t\t\t<h2 class=\"\" data-start=\"358\" data-end=\"397\">\u00a0<\/h2><hr class=\"\" data-start=\"399\" data-end=\"402\" \/><h4 data-start=\"404\" data-end=\"456\"><strong data-start=\"408\" data-end=\"454\">\u00bfDe qu\u00e9 est\u00e1n hechos los RaceBottle?<\/strong><\/h4><p class=\"\" data-start=\"457\" data-end=\"632\">RACE BOTTLE est\u00e1n fabricados en acero inoxidable de alta calidad con aislamiento al vac\u00edo de doble pared. Mantienen las bebidas fr\u00edas hasta 24 horas y calientes hasta 12 horas.<\/p><hr class=\"\" data-start=\"634\" data-end=\"637\" \/><h4 data-start=\"639\" data-end=\"679\"><strong data-start=\"643\" data-end=\"677\">\u00bfPuedo personalizar mi botella?<\/strong><\/h4><p class=\"\" data-start=\"680\" data-end=\"812\">\u00a1S\u00ed! La mayor\u00eda de nuestros dise\u00f1os se pueden personalizar, incluyendo nombres. Las opciones de personalizaci\u00f3n se muestran claramente antes de finalizar la compra.<\/p><hr class=\"\" data-start=\"814\" data-end=\"817\" \/><h4 data-start=\"819\" data-end=\"874\"><strong data-start=\"823\" data-end=\"872\">\u00bfCu\u00e1nto tiempo tardo en recibir mi pedido?<\/strong><\/h4><p class=\"\" data-start=\"875\" data-end=\"996\">La producci\u00f3n suele durar <strong data-start=\"900\" data-end=\"919\">2 d\u00edas laborables<\/strong>. El tiempo de env\u00edo var\u00eda seg\u00fan el lugar, pero suele tardar <strong data-start=\"974\" data-end=\"995\">3-4 d\u00edas laborables<\/strong>.<\/p><hr class=\"\" data-start=\"998\" data-end=\"1001\" \/><h4 data-start=\"1003\" data-end=\"1044\"><strong data-start=\"1007\" data-end=\"1042\">\u00bfHacen env\u00edos internacionales?<\/strong><\/h4><p class=\"\" data-start=\"1045\" data-end=\"1162\">S\u00ed, realizamos env\u00edos a todo el mundo. Los gastos de env\u00edo y los plazos de entrega dependen de tu ubicaci\u00f3n y se calcular\u00e1n al finalizar la compra.<\/p><hr class=\"\" data-start=\"1595\" data-end=\"1598\" \/><h4 data-start=\"1600\" data-end=\"1664\"><strong data-start=\"1604\" data-end=\"1662\">Comet\u00ed un error al personalizar mi cuenta. \u00bfPuedo solucionarlo?<\/strong><\/h4><p class=\"\" data-start=\"1665\" data-end=\"1858\">Si pero solo <strong data-start=\"1679\" data-end=\"1729\">dentro de 1 d\u00eda h\u00e1bil despu\u00e9s de realizar su pedido<\/strong>. Despu\u00e9s de eso, la producci\u00f3n habr\u00e1 comenzado y ya no ser\u00e1 posible realizar cambios. Cont\u00e1ctenos de inmediato en <strong data-start=\"1832\" data-end=\"1857\"><a class=\"cursor-pointer\" rel=\"noopener\" data-start=\"1834\" data-end=\"1855\">info@racebottlegt.com<\/a><\/strong>.<\/p><hr class=\"\" data-start=\"1860\" data-end=\"1863\" \/><h4 data-start=\"1865\" data-end=\"1918\"><strong data-start=\"1869\" data-end=\"1916\">\u00bfLos logotipos utilizados son oficiales o tienen licencia?<\/strong><\/h4><p class=\"\" data-start=\"1919\" data-end=\"2172\">No. Los logotipos y dise\u00f1os que aparecen en nuestros productos est\u00e1n inspirados en la cultura del automovilismo. Son <strong data-start=\"2011\" data-end=\"2041\">No oficial o afiliado<\/strong> Con cualquier marca o equipo. Todas las marcas registradas pertenecen a sus respectivos propietarios y se utilizan \u00fanicamente con fines decorativos o referenciales.<\/p><hr class=\"\" data-start=\"2174\" data-end=\"2177\" \/><h4 data-start=\"2179\" data-end=\"2221\"><strong data-start=\"2183\" data-end=\"2219\">\u00bfC\u00f3mo cuido mi botella?<\/strong><\/h4><p class=\"\" data-start=\"2222\" data-end=\"2363\">Para mantener la calidad y la apariencia, recomendamos <strong data-start=\"2271\" data-end=\"2292\">lavarse las manos solamente<\/strong>. Evite utilizar lavavajillas, ya que el calor y el detergente pueden da\u00f1ar el acabado.<\/p><hr class=\"\" data-start=\"2365\" data-end=\"2368\" \/><h4><strong data-start=\"2374\" data-end=\"2414\">\u00bfEs segura mi informaci\u00f3n de pago?<\/strong><\/h4><p class=\"\" data-start=\"2417\" data-end=\"2584\">S\u00ed. Todas las transacciones se procesan de forma segura a trav\u00e9s de pasarelas de pago de terceros de confianza (QpayPro). <strong data-start=\"2533\" data-end=\"2556\">no almacenamos ni accedemos a<\/strong> los datos completos de su tarjeta de cr\u00e9dito.<\/p><hr class=\"\" data-start=\"3125\" data-end=\"3128\" \/><h4 data-start=\"3130\" data-end=\"3166\"><strong data-start=\"3134\" data-end=\"3164\">\u00bfC\u00f3mo puedo contactarte?<\/strong><\/h4><p class=\"\" data-start=\"3167\" data-end=\"3299\">Puedes contactar con nosotros en <strong data-start=\"3187\" data-end=\"3212\"><a class=\"cursor-pointer\" rel=\"noopener\" data-start=\"3189\" data-end=\"3210\">info@racebottlegt.com<\/a><\/strong> o a trav\u00e9s de nuestras redes sociales. Respondemos en un plazo de 24 horas en d\u00edas laborables.<\/p>\t\t\t\t\t\t\t\t<\/div>\n\t\t\t\t<\/div>\n\t\t\t\t\t<\/div>\n\t\t\t\t<\/div>\n\t\t\t\t<\/div>","protected":false},"excerpt":{"rendered":"<p>FAQ \u00a0 What are RACE BOTTLE made of? RACE BOTTLE thermoses are crafted from high-quality stainless steel with double-wall vacuum insulation. They keep beverages cold for up to 24 hours and hot for up to 12 hours. Can I customize my Bottle? Yes! Most of our designs allow for personalization, including adding names. Customization options [&hellip;]<\/p>\n","protected":false},"author":2,"featured_media":0,"parent":0,"menu_order":0,"comment_status":"closed","ping_status":"closed","template":"","meta":{"nf_dc_page":"","_monsterinsights_skip_tracking":false,"_monsterinsights_sitenote_active":false,"_monsterinsights_sitenote_note":"","_monsterinsights_sitenote_category":0,"site-sidebar-layout":"no-sidebar","site-content-layout":"page-builder","ast-site-content-layout":"full-width-container","site-content-style":"default","site-sidebar-style":"default","ast-global-header-display":"","ast-banner-title-visibility":"","ast-main-header-display":"","ast-hfb-above-header-display":"","ast-hfb-below-header-display":"","ast-hfb-mobile-header-display":"","site-post-title":"disabled","ast-breadcrumbs-content":"","ast-featured-img":"disabled","footer-sml-layout":"","ast-disable-related-posts":"","theme-transparent-header-meta":"","adv-header-id-meta":"","stick-header-meta":"","header-above-stick-meta":"","header-main-stick-meta":"","header-below-stick-meta":"","astra-migrate-meta-layouts":"set","ast-page-background-enabled":"default","ast-page-background-meta":{"desktop":{"background-color":"var(--ast-global-color-4)","background-image":"","background-repeat":"repeat","background-position":"center center","background-size":"auto","background-attachment":"scroll","background-type":"","background-media":"","overlay-type":"","overlay-color":"","overlay-opacity":"","overlay-gradient":""},"tablet":{"background-color":"","background-image":"","background-repeat":"repeat","background-position":"center center","background-size":"auto","background-attachment":"scroll","background-type":"","background-media":"","overlay-type":"","overlay-color":"","overlay-opacity":"","overlay-gradient":""},"mobile":{"background-color":"","background-image":"","background-repeat":"repeat","background-position":"center center","background-size":"auto","background-attachment":"scroll","background-type":"","background-media":"","overlay-type":"","overlay-color":"","overlay-opacity":"","overlay-gradient":""}},"ast-content-background-meta":{"desktop":{"background-color":"var(--ast-global-color-5)","background-image":"","background-repeat":"repeat","background-position":"center center","background-size":"auto","background-attachment":"scroll","background-type":"","background-media":"","overlay-type":"","overlay-color":"","overlay-opacity":"","overlay-gradient":""},"tablet":{"background-color":"var(--ast-global-color-5)","background-image":"","background-repeat":"repeat","background-position":"center center","background-size":"auto","background-attachment":"scroll","background-type":"","background-media":"","overlay-type":"","overlay-color":"","overlay-opacity":"","overlay-gradient":""},"mobile":{"background-color":"var(--ast-global-color-5)","background-image":"","background-repeat":"repeat","background-position":"center center","background-size":"auto","background-attachment":"scroll","background-type":"","background-media":"","overlay-type":"","overlay-color":"","overlay-opacity":"","overlay-gradient":""}},"footnotes":""},"class_list":["post-2211","page","type-page","status-publish","hentry"],"yoast_head":"<!-- This site is optimized with the Yoast SEO plugin v27.3 - https:\/\/yoast.com\/product\/yoast-seo-wordpress\/ -->\n<title>FAQ - Race Bottle<\/title>\n<meta name=\"robots\" content=\"index, follow, max-snippet:-1, max-image-preview:large, max-video-preview:-1\" \/>\n<link rel=\"canonical\" href=\"https:\/\/racebottlegt.com\/es\/faq\/\" \/>\n<meta property=\"og:locale\" content=\"es_ES\" \/>\n<meta property=\"og:type\" content=\"article\" \/>\n<meta property=\"og:title\" content=\"FAQ - Race Bottle\" \/>\n<meta property=\"og:description\" content=\"FAQ \u00a0 What are RACE BOTTLE made of? RACE BOTTLE thermoses are crafted from high-quality stainless steel with double-wall vacuum insulation. They keep beverages cold for up to 24 hours and hot for up to 12 hours. Can I customize my Bottle? Yes! Most of our designs allow for personalization, including adding names. Customization options [&hellip;]\" \/>\n<meta property=\"og:url\" content=\"https:\/\/racebottlegt.com\/es\/faq\/\" \/>\n<meta property=\"og:site_name\" content=\"Race Bottle\" \/>\n<meta property=\"article:modified_time\" content=\"2025-05-06T08:30:00+00:00\" \/>\n<meta name=\"twitter:card\" content=\"summary_large_image\" \/>\n<meta name=\"twitter:label1\" content=\"Tiempo de lectura\" \/>\n\t<meta name=\"twitter:data1\" content=\"2 minutos\" \/>\n<script type=\"application\/ld+json\" class=\"yoast-schema-graph\">{\"@context\":\"https:\\\/\\\/schema.org\",\"@graph\":[{\"@type\":\"WebPage\",\"@id\":\"https:\\\/\\\/racebottlegt.com\\\/faq\\\/\",\"url\":\"https:\\\/\\\/racebottlegt.com\\\/faq\\\/\",\"name\":\"FAQ - Race Bottle\",\"isPartOf\":{\"@id\":\"https:\\\/\\\/racebottlegt.com\\\/#website\"},\"datePublished\":\"2025-05-02T04:28:02+00:00\",\"dateModified\":\"2025-05-06T08:30:00+00:00\",\"breadcrumb\":{\"@id\":\"https:\\\/\\\/racebottlegt.com\\\/faq\\\/#breadcrumb\"},\"inLanguage\":\"es\",\"potentialAction\":[{\"@type\":\"ReadAction\",\"target\":[\"https:\\\/\\\/racebottlegt.com\\\/faq\\\/\"]}]},{\"@type\":\"BreadcrumbList\",\"@id\":\"https:\\\/\\\/racebottlegt.com\\\/faq\\\/#breadcrumb\",\"itemListElement\":[{\"@type\":\"ListItem\",\"position\":1,\"name\":\"Home\",\"item\":\"https:\\\/\\\/racebottlegt.com\\\/\"},{\"@type\":\"ListItem\",\"position\":2,\"name\":\"FAQ\"}]},{\"@type\":\"WebSite\",\"@id\":\"https:\\\/\\\/racebottlegt.com\\\/#website\",\"url\":\"https:\\\/\\\/racebottlegt.com\\\/\",\"name\":\"Race Bottle\",\"description\":\"High performance bottles for high performance athletes\",\"publisher\":{\"@id\":\"https:\\\/\\\/racebottlegt.com\\\/#organization\"},\"potentialAction\":[{\"@type\":\"SearchAction\",\"target\":{\"@type\":\"EntryPoint\",\"urlTemplate\":\"https:\\\/\\\/racebottlegt.com\\\/?s={search_term_string}\"},\"query-input\":{\"@type\":\"PropertyValueSpecification\",\"valueRequired\":true,\"valueName\":\"search_term_string\"}}],\"inLanguage\":\"es\"},{\"@type\":\"Organization\",\"@id\":\"https:\\\/\\\/racebottlegt.com\\\/#organization\",\"name\":\"Race Bottle\",\"url\":\"https:\\\/\\\/racebottlegt.com\\\/\",\"logo\":{\"@type\":\"ImageObject\",\"inLanguage\":\"es\",\"@id\":\"https:\\\/\\\/racebottlegt.com\\\/#\\\/schema\\\/logo\\\/image\\\/\",\"url\":\"https:\\\/\\\/i0.wp.com\\\/racebottlegt.com\\\/wp-content\\\/uploads\\\/2025\\\/04\\\/cropped-Race-4.png?fit=500%2C312&ssl=1\",\"contentUrl\":\"https:\\\/\\\/i0.wp.com\\\/racebottlegt.com\\\/wp-content\\\/uploads\\\/2025\\\/04\\\/cropped-Race-4.png?fit=500%2C312&ssl=1\",\"width\":500,\"height\":312,\"caption\":\"Race Bottle\"},\"image\":{\"@id\":\"https:\\\/\\\/racebottlegt.com\\\/#\\\/schema\\\/logo\\\/image\\\/\"}}]}<\/script>\n<!-- \/ Yoast SEO plugin. -->","yoast_head_json":{"title":"FAQ - Race Bottle","robots":{"index":"index","follow":"follow","max-snippet":"max-snippet:-1","max-image-preview":"max-image-preview:large","max-video-preview":"max-video-preview:-1"},"canonical":"https:\/\/racebottlegt.com\/es\/faq\/","og_locale":"es_ES","og_type":"article","og_title":"FAQ - Race Bottle","og_description":"FAQ \u00a0 What are RACE BOTTLE made of? RACE BOTTLE thermoses are crafted from high-quality stainless steel with double-wall vacuum insulation. They keep beverages cold for up to 24 hours and hot for up to 12 hours. Can I customize my Bottle? Yes! Most of our designs allow for personalization, including adding names. Customization options [&hellip;]","og_url":"https:\/\/racebottlegt.com\/es\/faq\/","og_site_name":"Race Bottle","article_modified_time":"2025-05-06T08:30:00+00:00","twitter_card":"summary_large_image","twitter_misc":{"Tiempo de lectura":"2 minutos"},"schema":{"@context":"https:\/\/schema.org","@graph":[{"@type":"WebPage","@id":"https:\/\/racebottlegt.com\/faq\/","url":"https:\/\/racebottlegt.com\/faq\/","name":"FAQ - Race Bottle","isPartOf":{"@id":"https:\/\/racebottlegt.com\/#website"},"datePublished":"2025-05-02T04:28:02+00:00","dateModified":"2025-05-06T08:30:00+00:00","breadcrumb":{"@id":"https:\/\/racebottlegt.com\/faq\/#breadcrumb"},"inLanguage":"es","potentialAction":[{"@type":"ReadAction","target":["https:\/\/racebottlegt.com\/faq\/"]}]},{"@type":"BreadcrumbList","@id":"https:\/\/racebottlegt.com\/faq\/#breadcrumb","itemListElement":[{"@type":"ListItem","position":1,"name":"Home","item":"https:\/\/racebottlegt.com\/"},{"@type":"ListItem","position":2,"name":"FAQ"}]},{"@type":"WebSite","@id":"https:\/\/racebottlegt.com\/#website","url":"https:\/\/racebottlegt.com\/","name":"Botella de carreras","description":"Botes de alto rendomiento para atletas de alto rendimiento","publisher":{"@id":"https:\/\/racebottlegt.com\/#organization"},"potentialAction":[{"@type":"SearchAction","target":{"@type":"EntryPoint","urlTemplate":"https:\/\/racebottlegt.com\/?s={search_term_string}"},"query-input":{"@type":"PropertyValueSpecification","valueRequired":true,"valueName":"search_term_string"}}],"inLanguage":"es"},{"@type":"Organization","@id":"https:\/\/racebottlegt.com\/#organization","name":"Botella de carreras","url":"https:\/\/racebottlegt.com\/","logo":{"@type":"ImageObject","inLanguage":"es","@id":"https:\/\/racebottlegt.com\/#\/schema\/logo\/image\/","url":"https:\/\/i0.wp.com\/racebottlegt.com\/wp-content\/uploads\/2025\/04\/cropped-Race-4.png?fit=500%2C312&ssl=1","contentUrl":"https:\/\/i0.wp.com\/racebottlegt.com\/wp-content\/uploads\/2025\/04\/cropped-Race-4.png?fit=500%2C312&ssl=1","width":500,"height":312,"caption":"Race Bottle"},"image":{"@id":"https:\/\/racebottlegt.com\/#\/schema\/logo\/image\/"}}]}},"jetpack_sharing_enabled":true,"_links":{"self":[{"href":"https:\/\/racebottlegt.com\/es\/wp-json\/wp\/v2\/pages\/2211","targetHints":{"allow":["GET"]}}],"collection":[{"href":"https:\/\/racebottlegt.com\/es\/wp-json\/wp\/v2\/pages"}],"about":[{"href":"https:\/\/racebottlegt.com\/es\/wp-json\/wp\/v2\/types\/page"}],"author":[{"embeddable":true,"href":"https:\/\/racebottlegt.com\/es\/wp-json\/wp\/v2\/users\/2"}],"replies":[{"embeddable":true,"href":"https:\/\/racebottlegt.com\/es\/wp-json\/wp\/v2\/comments?post=2211"}],"version-history":[{"count":7,"href":"https:\/\/racebottlegt.com\/es\/wp-json\/wp\/v2\/pages\/2211\/revisions"}],"predecessor-version":[{"id":2554,"href":"https:\/\/racebottlegt.com\/es\/wp-json\/wp\/v2\/pages\/2211\/revisions\/2554"}],"wp:attachment":[{"href":"https:\/\/racebottlegt.com\/es\/wp-json\/wp\/v2\/media?parent=2211"}],"curies":[{"name":"wp","href":"https:\/\/api.w.org\/{rel}","templated":true}]}}