{"id":2191,"date":"2025-05-02T03:47:37","date_gmt":"2025-05-02T03:47:37","guid":{"rendered":"https:\/\/racebottlegt.com\/?page_id=2191"},"modified":"2025-05-06T07:57:59","modified_gmt":"2025-05-06T07:57:59","slug":"refundpolicy","status":"publish","type":"page","link":"https:\/\/racebottlegt.com\/es\/refundpolicy\/","title":{"rendered":"Politicas de reembolso"},"content":{"rendered":"<div data-elementor-type=\"wp-page\" data-elementor-id=\"2191\" class=\"elementor elementor-2191\">\n\t\t\t\t<div class=\"elementor-element elementor-element-b8f1db1 e-flex e-con-boxed e-con e-parent\" data-id=\"b8f1db1\" data-element_type=\"container\" data-e-type=\"container\">\n\t\t\t\t\t<div class=\"e-con-inner\">\n\t\t\t\t<div class=\"elementor-element elementor-element-0ae5fe6 elementor-widget elementor-widget-heading\" data-id=\"0ae5fe6\" data-element_type=\"widget\" data-e-type=\"widget\" data-widget_type=\"heading.default\">\n\t\t\t\t<div class=\"elementor-widget-container\">\n\t\t\t\t\t<h2 class=\"elementor-heading-title elementor-size-default\">Politicas de reembolso<\/h2>\t\t\t\t<\/div>\n\t\t\t\t<\/div>\n\t\t\t\t\t<\/div>\n\t\t\t\t<\/div>\n\t\t<div class=\"elementor-element elementor-element-b5334c0 e-flex e-con-boxed e-con e-parent\" data-id=\"b5334c0\" data-element_type=\"container\" data-e-type=\"container\">\n\t\t\t\t\t<div class=\"e-con-inner\">\n\t\t\t\t<div class=\"elementor-element elementor-element-8960af7 elementor-widget elementor-widget-text-editor\" data-id=\"8960af7\" data-element_type=\"widget\" data-e-type=\"widget\" data-widget_type=\"text-editor.default\">\n\t\t\t\t<div class=\"elementor-widget-container\">\n\t\t\t\t\t\t\t\t\t<p class=\"\" data-start=\"370\" data-end=\"403\"><strong data-start=\"370\" data-end=\"389\">Efectivas desde:<\/strong> 26\/04\/2025<\/p><p class=\"\" data-start=\"405\" data-end=\"720\">Gracias por comprar con nosotros, todos nuestros productos son <strong data-start=\"461\" data-end=\"511\">RaceBottle de dise\u00f1o personalizado<\/strong>Hecho bajo pedido seg\u00fan tus especificaciones. Debido a la naturaleza de nuestros productos, mantenemos una estricta pol\u00edtica de reembolsos y prevenci\u00f3n de fraude para garantizar una experiencia justa tanto para nuestros clientes como para nuestro negocio.<\/p><hr class=\"\" data-start=\"722\" data-end=\"725\" \/><h4 data-start=\"727\" data-end=\"781\"><strong data-start=\"731\" data-end=\"781\">1. Productos Personalizados - No se aceptan retornos<\/strong><\/h4><p class=\"\" data-start=\"289\" data-end=\"481\">Dado que nuestros bottles son hechos especificamente para cada cliente, <strong data-start=\"348\" data-end=\"400\">NO aceptamos retornos bajo ninguna circustancia<\/strong>, A menos que el producto te llegue <strong data-start=\"429\" data-end=\"480\">con un da\u00f1o provocado por la manipulaci\u00f3n en el envi\u00f3.<\/strong>.<\/p><p class=\"\" data-start=\"483\" data-end=\"618\">Una vez el cliente <strong data-start=\"501\" data-end=\"530\">confirme el dise\u00f1o final<\/strong> y <strong data-start=\"535\" data-end=\"561\">la produccion del mismo inicie<\/strong>, la orden <strong data-start=\"573\" data-end=\"617\">no puede ser modificada, cancelada o reembolsada.<\/strong>.<\/p><p class=\"\" data-start=\"620\" data-end=\"755\">Si el producto es entregado da\u00f1ado, el cliente debe notificarnos <strong data-start=\"678\" data-end=\"718\">en las proximas 72 horas (3 dias) despues de la confirmacion de entregado por parte de DHL.<\/strong> y proveer una foto clara como evidencia de:<\/p><ul data-start=\"757\" data-end=\"841\"><li class=\"\" data-start=\"757\" data-end=\"777\"><p class=\"\" data-start=\"759\" data-end=\"777\">El articulo da\u00f1ado<\/p><\/li><li class=\"\" data-start=\"778\" data-end=\"804\"><p class=\"\" data-start=\"780\" data-end=\"804\">El empaque original del articulo<\/p><\/li><li class=\"\" data-start=\"805\" data-end=\"841\"><p class=\"\" data-start=\"807\" data-end=\"841\">La etiqueta de envio (si aplica)<\/p><\/li><\/ul><p class=\"\" data-start=\"843\" data-end=\"936\">Luego de hacer una revision de la evidencia, RaceBottle podra, <strong data-start=\"881\" data-end=\"907\">a nuestra discreci\u00f3n<\/strong>, ofrecer una de las siguientes opciones:<\/p><ul data-start=\"938\" data-end=\"1029\"><li class=\"\" data-start=\"938\" data-end=\"959\"><p class=\"\" data-start=\"940\" data-end=\"959\">Un <strong data-start=\"942\" data-end=\"957\">Rembolso<\/strong><\/p><\/li><li class=\"\" data-start=\"960\" data-end=\"984\"><p class=\"\" data-start=\"962\" data-end=\"984\">Un <strong data-start=\"964\" data-end=\"982\">detallados<\/strong><\/p><\/li><li class=\"\" data-start=\"985\" data-end=\"1029\"><p class=\"\" data-start=\"987\" data-end=\"1029\">Un <strong data-start=\"989\" data-end=\"1012\">Remplazo para el producto cubriendo unicamiente los costos de envio<\/strong> .<\/p><\/li><\/ul><p class=\"\" data-start=\"1031\" data-end=\"1130\">Peticiones enviadas <strong data-start=\"1050\" data-end=\"1078\">luego de la ventana de 72 horas<\/strong> no ser\u00e1n elegibles para aplicar a un rembolso o remplazo.<\/p><hr class=\"\" data-start=\"1055\" data-end=\"1058\" \/><h4 data-start=\"1060\" data-end=\"1090\"><strong data-start=\"1064\" data-end=\"1090\">2. Confirmacion de dise\u00f1o<\/strong><\/h4><p class=\"\" data-start=\"310\" data-end=\"529\">Todos nuestros productos son personalizados basados en el dise\u00f1o que el cliente selecciona directamente de nuestro sitio web.<br data-start=\"411\" data-end=\"414\" \/><strong data-start=\"414\" data-end=\"529\">Al escoger un dise\u00f1o y completar la compra, el cliente confirma su aprobaci\u00f3n del producto seleccionado.<\/strong><\/p><p class=\"\" data-start=\"531\" data-end=\"602\">No sera necesario envia una confirmacion del dise\u00f1o por parte de RaceBottle al cliente por email o por cualquier otro medio.<\/p><p class=\"\" data-start=\"604\" data-end=\"819\">Si el cliente desea reportar alg\u00fan problema, petici\u00f3n, correcci\u00f3n o hacer un cambio en su dise\u00f1o seleccionado debe contactarnos a <strong data-start=\"735\" data-end=\"760\"><a class=\"cursor-pointer\" rel=\"noopener\" data-start=\"737\" data-end=\"758\">info@racebottlegt.com<\/a><\/strong> con <strong data-start=\"768\" data-end=\"792\">un (1) dia laboral<\/strong> luego de este periodo la orden no es modificable ni rembolsable<\/p><p class=\"\" data-start=\"821\" data-end=\"918\"><strong data-start=\"821\" data-end=\"875\">Luego de este periodo, todas las ordenes son consideradas finales<\/strong>y la producci\u00f3n continuar\u00e1 seg\u00fan lo programado.<\/p><p class=\"\" data-start=\"920\" data-end=\"1050\">Cualquier error, cambio de preferencia o mal interpretaci\u00f3n luego de este tiempo son <strong data-start=\"997\" data-end=\"1013\">NO elegibles<\/strong> para rembolso, modificaci\u00f3n o re dise\u00f1o.<\/p><hr class=\"\" data-start=\"1352\" data-end=\"1355\" \/><h4 data-start=\"1357\" data-end=\"1384\"><strong data-start=\"1361\" data-end=\"1384\">3. Variaciones de Color<\/strong><\/h4><p class=\"\" data-start=\"1386\" data-end=\"1639\">Por favor considera: <strong data-start=\"1399\" data-end=\"1435\">Variaciones minimas de color pueden ocurrir<\/strong> entre la vista previa en digital de nuestro catalogo web y el resultado final e impreso debido a la diferencia de pantallas y procesos de produccion, estas diferencias <strong data-start=\"1565\" data-end=\"1591\">NO seran considerados defectos<\/strong> y no califican para un rembolso o remplazo.<\/p><hr class=\"\" data-start=\"1641\" data-end=\"1644\" \/><h4 data-start=\"1646\" data-end=\"1683\"><strong data-start=\"1650\" data-end=\"1683\">4. Da\u00f1os o productos Defectuosos<\/strong><\/h4><p class=\"\" data-start=\"336\" data-end=\"476\">Todos nuestros RaceBottles <strong data-start=\"363\" data-end=\"406\">son inspeccionados previo a dejar nuestras instalaciones<\/strong> para asegurarnos de cumplir los mas altos est\u00e1ndares de calidad y estar libres de defectos.<\/p><p class=\"\" data-start=\"478\" data-end=\"704\">Si tu producto es entregado con un da\u00f1o visible o un problema de manufacturan causado durante el envio, <strong data-start=\"586\" data-end=\"606\">tu puedes abocarte a la secci\u00f3n 1 de nuestra [Pol\u00edtica de Rembolso]<\/strong>y seguir los pasos <strong data-start=\"610\" data-end=\"628\">detallados<\/strong>para aplicar nuestras opciones <strong data-start=\"635\" data-end=\"650\">Rembolso<\/strong>, <strong data-start=\"652\" data-end=\"703\">a discreci\u00f3n de RaceBottle.<\/strong>.<\/p><p class=\"\" data-start=\"706\" data-end=\"721\">Para ser elegible:<\/p><ul data-start=\"723\" data-end=\"976\"><li class=\"\" data-start=\"723\" data-end=\"826\"><p class=\"\" data-start=\"725\" data-end=\"826\">Debes contactarnos a <strong data-start=\"748\" data-end=\"773\"><a class=\"cursor-pointer\" rel=\"noopener\" data-start=\"750\" data-end=\"771\">info@racebottlegt.com<\/a><\/strong> con <strong data-start=\"781\" data-end=\"811\">72 horas (3 dias h\u00e1biles)<\/strong> luego de la confirmacion de entrega por DHL.<\/p><\/li><li class=\"\" data-start=\"827\" data-end=\"933\"><p class=\"\" data-start=\"829\" data-end=\"933\">Debes proveernos <strong data-start=\"846\" data-end=\"867\">Fotograf\u00edas claras<\/strong> del producto da\u00f1ado, el empaque original y el etiqueta de envi\u00f3.<\/p><\/li><li class=\"\" data-start=\"934\" data-end=\"976\"><p class=\"\" data-start=\"936\" data-end=\"976\">El producto <strong data-start=\"948\" data-end=\"975\">no debe estar usado.<\/strong>.<\/p><\/li><\/ul><p class=\"\" data-start=\"978\" data-end=\"1105\">Peticiones enviadas luego de la venta de 72 horas o sin la documentaci\u00f3n solicitada <strong data-start=\"1054\" data-end=\"1078\">NO ser\u00e1n elegibles<\/strong> para un rembolso o remplazo.<\/p><hr class=\"\" data-start=\"2010\" data-end=\"2013\" \/><h4 data-start=\"2015\" data-end=\"2065\"><strong data-start=\"2019\" data-end=\"2065\">5. Autorizaci\u00f3n de pagos y Uso de tarjeta de credito<\/strong><\/h4><p class=\"\" data-start=\"2067\" data-end=\"2352\">Al completar la compra, el cliente confirma que el es el <strong data-start=\"2128\" data-end=\"2176\">titular autorizado del medio de pago utilizado<\/strong>.<br data-start=\"2177\" data-end=\"2180\" \/>Cualquier uso no autorizado de tarjetas de cr\u00e9dito o d\u00e9bito ser\u00e1 considerado <strong data-start=\"2245\" data-end=\"2254\">FRAUDE<\/strong>, y nos reservamos el derecho de informar dicha actividad al procesador de pagos y a las autoridades locales.<\/p><hr class=\"\" data-start=\"2354\" data-end=\"2357\" \/><h4 data-start=\"2359\" data-end=\"2401\"><strong data-start=\"2363\" data-end=\"2401\">6. Revisi\u00f3n de pedidos y prevenci\u00f3n de fraude<\/strong><\/h4><p class=\"\" data-start=\"2403\" data-end=\"2536\">Nos reservamos el derecho de <strong data-start=\"2427\" data-end=\"2463\">retener, retrasar o cancelar cualquier pedido<\/strong> Si detectamos se\u00f1ales de actividad fraudulenta, incluidas, entre otras:<\/p><ul data-start=\"2538\" data-end=\"2696\"><li class=\"\" data-start=\"2538\" data-end=\"2585\"><p class=\"\" data-start=\"2540\" data-end=\"2585\">Informaci\u00f3n de facturaci\u00f3n y env\u00edo no coincidente<\/p><\/li><li class=\"\" data-start=\"2586\" data-end=\"2634\"><p class=\"\" data-start=\"2588\" data-end=\"2634\">Uso de m\u00e9todos de pago marcados o sospechosos<\/p><\/li><li class=\"\" data-start=\"2635\" data-end=\"2671\"><p class=\"\" data-start=\"2637\" data-end=\"2671\">Intentos de pago fallidos repetidos<\/p><\/li><li class=\"\" data-start=\"2672\" data-end=\"2696\"><p class=\"\" data-start=\"2674\" data-end=\"2696\">Patrones de orden inusuales<\/p><\/li><\/ul><p class=\"\" data-start=\"2698\" data-end=\"2801\">En ciertos casos, podemos solicitar: <strong data-start=\"2731\" data-end=\"2767\">verificaci\u00f3n de identidad adicional<\/strong> antes de proceder con el pedido.<\/p><hr class=\"\" data-start=\"2803\" data-end=\"2806\" \/><h4 data-start=\"2808\" data-end=\"2840\"><strong data-start=\"2812\" data-end=\"2840\">7. Protecci\u00f3n contra devoluciones de cargo<\/strong><\/h4><p class=\"\" data-start=\"2842\" data-end=\"2925\">Al realizar un pedido en nuestro sitio, usted reconoce y acepta nuestras pol\u00edticas con respecto a:<\/p><ul data-start=\"2927\" data-end=\"3084\"><li class=\"\" data-start=\"2927\" data-end=\"2961\"><p class=\"\" data-start=\"2929\" data-end=\"2961\">Productos personalizados no retornables<\/p><\/li><li class=\"\" data-start=\"2962\" data-end=\"2989\"><p class=\"\" data-start=\"2964\" data-end=\"2989\">Proceso de aprobaci\u00f3n del dise\u00f1o<\/p><\/li><li class=\"\" data-start=\"2990\" data-end=\"3023\"><p class=\"\" data-start=\"2992\" data-end=\"3023\">Tolerancia del color en la producci\u00f3n.<\/p><\/li><li class=\"\" data-start=\"3024\" data-end=\"3084\"><p class=\"\" data-start=\"3026\" data-end=\"3084\">Reembolsos solo por da\u00f1os verificables o problemas de fabricaci\u00f3n.<\/p><\/li><\/ul><p class=\"\" data-start=\"3086\" data-end=\"3346\"><strong data-start=\"3086\" data-end=\"3160\">Cualquier devoluci\u00f3n de cargo iniciada fuera de estas condiciones ser\u00e1 impugnada.<\/strong> con evidencia completa incluyendo registros de aprobaci\u00f3n de dise\u00f1o, seguimiento de env\u00edo, fotograf\u00edas y comunicaciones.<br data-start=\"3261\" data-end=\"3264\" \/>Las devoluciones de cargos fraudulentas pueden dar lugar a <strong data-start=\"3299\" data-end=\"3345\">acciones de cobro de deudas y procedimientos legales<\/strong>.<\/p><hr class=\"\" data-start=\"3348\" data-end=\"3351\" \/><h4 data-start=\"3353\" data-end=\"3374\"><strong data-start=\"3357\" data-end=\"3374\">8. Contactanos<\/strong><\/h4><p class=\"\" data-start=\"3376\" data-end=\"3514\">Si tiene preguntas o necesita ayuda con un pedido, cont\u00e1ctenos a:<br data-start=\"3447\" data-end=\"3450\" \/>\ud83d\udce7 info@racebottlegt.com<br data-start=\"3473\" data-end=\"3476\" \/><br \/><\/p>\t\t\t\t\t\t\t\t<\/div>\n\t\t\t\t<\/div>\n\t\t\t\t\t<\/div>\n\t\t\t\t<\/div>\n\t\t\t\t<\/div>","protected":false},"excerpt":{"rendered":"<p>Refund Policy Effective Date: 26\/04\/2025 Thank you for shopping with us. All of our products are custom-designed RaceBottle, made-to-order according to your specifications. Due to the nature of our products, we maintain a strict refund and fraud prevention policy to ensure a fair experience for both our customers and our business. 1. Personalized Products \u2013 [&hellip;]<\/p>\n","protected":false},"author":2,"featured_media":0,"parent":0,"menu_order":0,"comment_status":"closed","ping_status":"closed","template":"","meta":{"nf_dc_page":"","_monsterinsights_skip_tracking":false,"_monsterinsights_sitenote_active":false,"_monsterinsights_sitenote_note":"","_monsterinsights_sitenote_category":0,"site-sidebar-layout":"no-sidebar","site-content-layout":"page-builder","ast-site-content-layout":"full-width-container","site-content-style":"default","site-sidebar-style":"default","ast-global-header-display":"","ast-banner-title-visibility":"","ast-main-header-display":"","ast-hfb-above-header-display":"","ast-hfb-below-header-display":"","ast-hfb-mobile-header-display":"","site-post-title":"disabled","ast-breadcrumbs-content":"","ast-featured-img":"disabled","footer-sml-layout":"","ast-disable-related-posts":"","theme-transparent-header-meta":"","adv-header-id-meta":"","stick-header-meta":"","header-above-stick-meta":"","header-main-stick-meta":"","header-below-stick-meta":"","astra-migrate-meta-layouts":"set","ast-page-background-enabled":"default","ast-page-background-meta":{"desktop":{"background-color":"var(--ast-global-color-4)","background-image":"","background-repeat":"repeat","background-position":"center center","background-size":"auto","background-attachment":"scroll","background-type":"","background-media":"","overlay-type":"","overlay-color":"","overlay-opacity":"","overlay-gradient":""},"tablet":{"background-color":"","background-image":"","background-repeat":"repeat","background-position":"center center","background-size":"auto","background-attachment":"scroll","background-type":"","background-media":"","overlay-type":"","overlay-color":"","overlay-opacity":"","overlay-gradient":""},"mobile":{"background-color":"","background-image":"","background-repeat":"repeat","background-position":"center center","background-size":"auto","background-attachment":"scroll","background-type":"","background-media":"","overlay-type":"","overlay-color":"","overlay-opacity":"","overlay-gradient":""}},"ast-content-background-meta":{"desktop":{"background-color":"var(--ast-global-color-5)","background-image":"","background-repeat":"repeat","background-position":"center center","background-size":"auto","background-attachment":"scroll","background-type":"","background-media":"","overlay-type":"","overlay-color":"","overlay-opacity":"","overlay-gradient":""},"tablet":{"background-color":"var(--ast-global-color-5)","background-image":"","background-repeat":"repeat","background-position":"center center","background-size":"auto","background-attachment":"scroll","background-type":"","background-media":"","overlay-type":"","overlay-color":"","overlay-opacity":"","overlay-gradient":""},"mobile":{"background-color":"var(--ast-global-color-5)","background-image":"","background-repeat":"repeat","background-position":"center center","background-size":"auto","background-attachment":"scroll","background-type":"","background-media":"","overlay-type":"","overlay-color":"","overlay-opacity":"","overlay-gradient":""}},"footnotes":""},"class_list":["post-2191","page","type-page","status-publish","hentry"],"yoast_head":"<!-- This site is optimized with the Yoast SEO plugin v27.3 - https:\/\/yoast.com\/product\/yoast-seo-wordpress\/ -->\n<title>Refund Policy - Race Bottle<\/title>\n<meta name=\"robots\" content=\"index, follow, max-snippet:-1, max-image-preview:large, max-video-preview:-1\" \/>\n<link rel=\"canonical\" href=\"https:\/\/racebottlegt.com\/es\/refundpolicy\/\" \/>\n<meta property=\"og:locale\" content=\"es_ES\" \/>\n<meta property=\"og:type\" content=\"article\" \/>\n<meta property=\"og:title\" content=\"Refund Policy - Race Bottle\" \/>\n<meta property=\"og:description\" content=\"Refund Policy Effective Date: 26\/04\/2025 Thank you for shopping with us. All of our products are custom-designed RaceBottle, made-to-order according to your specifications. Due to the nature of our products, we maintain a strict refund and fraud prevention policy to ensure a fair experience for both our customers and our business. 1. Personalized Products \u2013 [&hellip;]\" \/>\n<meta property=\"og:url\" content=\"https:\/\/racebottlegt.com\/es\/refundpolicy\/\" \/>\n<meta property=\"og:site_name\" content=\"Race Bottle\" \/>\n<meta property=\"article:modified_time\" content=\"2025-05-06T07:57:59+00:00\" \/>\n<meta name=\"twitter:card\" content=\"summary_large_image\" \/>\n<meta name=\"twitter:label1\" content=\"Tiempo de lectura\" \/>\n\t<meta name=\"twitter:data1\" content=\"3 minutos\" \/>\n<script type=\"application\/ld+json\" class=\"yoast-schema-graph\">{\"@context\":\"https:\\\/\\\/schema.org\",\"@graph\":[{\"@type\":\"WebPage\",\"@id\":\"https:\\\/\\\/racebottlegt.com\\\/refundpolicy\\\/\",\"url\":\"https:\\\/\\\/racebottlegt.com\\\/refundpolicy\\\/\",\"name\":\"Refund Policy - Race Bottle\",\"isPartOf\":{\"@id\":\"https:\\\/\\\/racebottlegt.com\\\/#website\"},\"datePublished\":\"2025-05-02T03:47:37+00:00\",\"dateModified\":\"2025-05-06T07:57:59+00:00\",\"breadcrumb\":{\"@id\":\"https:\\\/\\\/racebottlegt.com\\\/refundpolicy\\\/#breadcrumb\"},\"inLanguage\":\"es\",\"potentialAction\":[{\"@type\":\"ReadAction\",\"target\":[\"https:\\\/\\\/racebottlegt.com\\\/refundpolicy\\\/\"]}]},{\"@type\":\"BreadcrumbList\",\"@id\":\"https:\\\/\\\/racebottlegt.com\\\/refundpolicy\\\/#breadcrumb\",\"itemListElement\":[{\"@type\":\"ListItem\",\"position\":1,\"name\":\"Home\",\"item\":\"https:\\\/\\\/racebottlegt.com\\\/\"},{\"@type\":\"ListItem\",\"position\":2,\"name\":\"Refund Policy\"}]},{\"@type\":\"WebSite\",\"@id\":\"https:\\\/\\\/racebottlegt.com\\\/#website\",\"url\":\"https:\\\/\\\/racebottlegt.com\\\/\",\"name\":\"Race Bottle\",\"description\":\"High performance bottles for high performance athletes\",\"publisher\":{\"@id\":\"https:\\\/\\\/racebottlegt.com\\\/#organization\"},\"potentialAction\":[{\"@type\":\"SearchAction\",\"target\":{\"@type\":\"EntryPoint\",\"urlTemplate\":\"https:\\\/\\\/racebottlegt.com\\\/?s={search_term_string}\"},\"query-input\":{\"@type\":\"PropertyValueSpecification\",\"valueRequired\":true,\"valueName\":\"search_term_string\"}}],\"inLanguage\":\"es\"},{\"@type\":\"Organization\",\"@id\":\"https:\\\/\\\/racebottlegt.com\\\/#organization\",\"name\":\"Race Bottle\",\"url\":\"https:\\\/\\\/racebottlegt.com\\\/\",\"logo\":{\"@type\":\"ImageObject\",\"inLanguage\":\"es\",\"@id\":\"https:\\\/\\\/racebottlegt.com\\\/#\\\/schema\\\/logo\\\/image\\\/\",\"url\":\"https:\\\/\\\/i0.wp.com\\\/racebottlegt.com\\\/wp-content\\\/uploads\\\/2025\\\/04\\\/cropped-Race-4.png?fit=500%2C312&ssl=1\",\"contentUrl\":\"https:\\\/\\\/i0.wp.com\\\/racebottlegt.com\\\/wp-content\\\/uploads\\\/2025\\\/04\\\/cropped-Race-4.png?fit=500%2C312&ssl=1\",\"width\":500,\"height\":312,\"caption\":\"Race Bottle\"},\"image\":{\"@id\":\"https:\\\/\\\/racebottlegt.com\\\/#\\\/schema\\\/logo\\\/image\\\/\"}}]}<\/script>\n<!-- \/ Yoast SEO plugin. -->","yoast_head_json":{"title":"Refund Policy - Race Bottle","robots":{"index":"index","follow":"follow","max-snippet":"max-snippet:-1","max-image-preview":"max-image-preview:large","max-video-preview":"max-video-preview:-1"},"canonical":"https:\/\/racebottlegt.com\/es\/refundpolicy\/","og_locale":"es_ES","og_type":"article","og_title":"Refund Policy - Race Bottle","og_description":"Refund Policy Effective Date: 26\/04\/2025 Thank you for shopping with us. All of our products are custom-designed RaceBottle, made-to-order according to your specifications. Due to the nature of our products, we maintain a strict refund and fraud prevention policy to ensure a fair experience for both our customers and our business. 1. Personalized Products \u2013 [&hellip;]","og_url":"https:\/\/racebottlegt.com\/es\/refundpolicy\/","og_site_name":"Race Bottle","article_modified_time":"2025-05-06T07:57:59+00:00","twitter_card":"summary_large_image","twitter_misc":{"Tiempo de lectura":"3 minutos"},"schema":{"@context":"https:\/\/schema.org","@graph":[{"@type":"WebPage","@id":"https:\/\/racebottlegt.com\/refundpolicy\/","url":"https:\/\/racebottlegt.com\/refundpolicy\/","name":"Refund Policy - Race Bottle","isPartOf":{"@id":"https:\/\/racebottlegt.com\/#website"},"datePublished":"2025-05-02T03:47:37+00:00","dateModified":"2025-05-06T07:57:59+00:00","breadcrumb":{"@id":"https:\/\/racebottlegt.com\/refundpolicy\/#breadcrumb"},"inLanguage":"es","potentialAction":[{"@type":"ReadAction","target":["https:\/\/racebottlegt.com\/refundpolicy\/"]}]},{"@type":"BreadcrumbList","@id":"https:\/\/racebottlegt.com\/refundpolicy\/#breadcrumb","itemListElement":[{"@type":"ListItem","position":1,"name":"Home","item":"https:\/\/racebottlegt.com\/"},{"@type":"ListItem","position":2,"name":"Refund Policy"}]},{"@type":"WebSite","@id":"https:\/\/racebottlegt.com\/#website","url":"https:\/\/racebottlegt.com\/","name":"Botella de carreras","description":"Botes de alto rendomiento para atletas de alto rendimiento","publisher":{"@id":"https:\/\/racebottlegt.com\/#organization"},"potentialAction":[{"@type":"SearchAction","target":{"@type":"EntryPoint","urlTemplate":"https:\/\/racebottlegt.com\/?s={search_term_string}"},"query-input":{"@type":"PropertyValueSpecification","valueRequired":true,"valueName":"search_term_string"}}],"inLanguage":"es"},{"@type":"Organization","@id":"https:\/\/racebottlegt.com\/#organization","name":"Botella de carreras","url":"https:\/\/racebottlegt.com\/","logo":{"@type":"ImageObject","inLanguage":"es","@id":"https:\/\/racebottlegt.com\/#\/schema\/logo\/image\/","url":"https:\/\/i0.wp.com\/racebottlegt.com\/wp-content\/uploads\/2025\/04\/cropped-Race-4.png?fit=500%2C312&ssl=1","contentUrl":"https:\/\/i0.wp.com\/racebottlegt.com\/wp-content\/uploads\/2025\/04\/cropped-Race-4.png?fit=500%2C312&ssl=1","width":500,"height":312,"caption":"Race Bottle"},"image":{"@id":"https:\/\/racebottlegt.com\/#\/schema\/logo\/image\/"}}]}},"jetpack_sharing_enabled":true,"_links":{"self":[{"href":"https:\/\/racebottlegt.com\/es\/wp-json\/wp\/v2\/pages\/2191","targetHints":{"allow":["GET"]}}],"collection":[{"href":"https:\/\/racebottlegt.com\/es\/wp-json\/wp\/v2\/pages"}],"about":[{"href":"https:\/\/racebottlegt.com\/es\/wp-json\/wp\/v2\/types\/page"}],"author":[{"embeddable":true,"href":"https:\/\/racebottlegt.com\/es\/wp-json\/wp\/v2\/users\/2"}],"replies":[{"embeddable":true,"href":"https:\/\/racebottlegt.com\/es\/wp-json\/wp\/v2\/comments?post=2191"}],"version-history":[{"count":11,"href":"https:\/\/racebottlegt.com\/es\/wp-json\/wp\/v2\/pages\/2191\/revisions"}],"predecessor-version":[{"id":2545,"href":"https:\/\/racebottlegt.com\/es\/wp-json\/wp\/v2\/pages\/2191\/revisions\/2545"}],"wp:attachment":[{"href":"https:\/\/racebottlegt.com\/es\/wp-json\/wp\/v2\/media?parent=2191"}],"curies":[{"name":"wp","href":"https:\/\/api.w.org\/{rel}","templated":true}]}}